{"id":17599,"date":"2021-04-20T00:56:43","date_gmt":"2021-04-20T05:56:43","guid":{"rendered":"http:\/\/119.8.7.19\/masterprom\/producto\/t419\/"},"modified":"2021-04-20T00:56:45","modified_gmt":"2021-04-20T05:56:45","slug":"t419","status":"publish","type":"product","link":"http:\/\/119.8.7.19\/masterprom\/producto\/t419\/","title":{"rendered":"T419"},"content":{"rendered":"<p>Bascula  con pantalla lcd. encendido y apagado autom\u00e1tico. indicador de bater\u00eda baja. peso m\u00e1ximo 150 kg. funciona con pila bot\u00f3n incluida.<\/p>\n","protected":false},"excerpt":{"rendered":"<p>Bascula  con pantalla lcd. encendido y apagado autom\u00e1tico. indicador de bater\u00eda baja. peso m\u00e1ximo 150 kg. funciona con pila bot\u00f3n incluida.<\/p>\n","protected":false},"featured_media":0,"comment_status":"closed","ping_status":"open","template":"","meta":[],"class_list":["post-17599","product","type-product","status-publish","hentry","product_cat-belleza","product_cat-cuidado-personal","product_cat-fitness","product_tag-cdo"],"_links":{"self":[{"href":"http:\/\/119.8.7.19\/masterprom\/wp-json\/wp\/v2\/product\/17599","targetHints":{"allow":["GET"]}}],"collection":[{"href":"http:\/\/119.8.7.19\/masterprom\/wp-json\/wp\/v2\/product"}],"about":[{"href":"http:\/\/119.8.7.19\/masterprom\/wp-json\/wp\/v2\/types\/product"}],"replies":[{"embeddable":true,"href":"http:\/\/119.8.7.19\/masterprom\/wp-json\/wp\/v2\/comments?post=17599"}],"wp:attachment":[{"href":"http:\/\/119.8.7.19\/masterprom\/wp-json\/wp\/v2\/media?parent=17599"}],"curies":[{"name":"wp","href":"https:\/\/api.w.org\/{rel}","templated":true}]}}