{"id":17594,"date":"2021-04-20T00:56:22","date_gmt":"2021-04-20T05:56:22","guid":{"rendered":"http:\/\/119.8.7.19\/masterprom\/producto\/lmu4329\/"},"modified":"2021-04-20T00:56:24","modified_gmt":"2021-04-20T05:56:24","slug":"lmu4329","status":"publish","type":"product","link":"http:\/\/119.8.7.19\/masterprom\/producto\/lmu4329\/","title":{"rendered":"LMU4329"},"content":{"rendered":"<p>Ab\u00e1nico de pl\u00e1stico con 4 limas peque\u00f1as en varios colores y texturas.<\/p>\n","protected":false},"excerpt":{"rendered":"<p>Ab\u00e1nico de pl\u00e1stico con 4 limas peque\u00f1as en varios colores y texturas.<\/p>\n","protected":false},"featured_media":0,"comment_status":"closed","ping_status":"open","template":"","meta":[],"class_list":["post-17594","product","type-product","status-publish","hentry","product_cat-belleza","product_cat-cuidado-personal","product_tag-winideas"],"_links":{"self":[{"href":"http:\/\/119.8.7.19\/masterprom\/wp-json\/wp\/v2\/product\/17594","targetHints":{"allow":["GET"]}}],"collection":[{"href":"http:\/\/119.8.7.19\/masterprom\/wp-json\/wp\/v2\/product"}],"about":[{"href":"http:\/\/119.8.7.19\/masterprom\/wp-json\/wp\/v2\/types\/product"}],"replies":[{"embeddable":true,"href":"http:\/\/119.8.7.19\/masterprom\/wp-json\/wp\/v2\/comments?post=17594"}],"wp:attachment":[{"href":"http:\/\/119.8.7.19\/masterprom\/wp-json\/wp\/v2\/media?parent=17594"}],"curies":[{"name":"wp","href":"https:\/\/api.w.org\/{rel}","templated":true}]}}