{"id":17585,"date":"2021-04-20T00:56:07","date_gmt":"2021-04-20T05:56:07","guid":{"rendered":"http:\/\/119.8.7.19\/masterprom\/producto\/a2132\/"},"modified":"2021-04-20T00:56:09","modified_gmt":"2021-04-20T05:56:09","slug":"a2132","status":"publish","type":"product","link":"http:\/\/119.8.7.19\/masterprom\/producto\/a2132\/","title":{"rendered":"A2132"},"content":{"rendered":"<p>Gancho sujetador de bolsas para superficies planas, met\u00e1lico. F\u00e1cil de transportar y listo para usar en cualquier ocasi\u00f3n.<\/p>\n","protected":false},"excerpt":{"rendered":"<p>Gancho sujetador de bolsas para superficies planas, met\u00e1lico. F\u00e1cil de transportar y listo para usar en cualquier ocasi\u00f3n.<\/p>\n","protected":false},"featured_media":0,"comment_status":"closed","ping_status":"open","template":"","meta":[],"class_list":["post-17585","product","type-product","status-publish","hentry","product_cat-belleza","product_tag-winideas"],"_links":{"self":[{"href":"http:\/\/119.8.7.19\/masterprom\/wp-json\/wp\/v2\/product\/17585","targetHints":{"allow":["GET"]}}],"collection":[{"href":"http:\/\/119.8.7.19\/masterprom\/wp-json\/wp\/v2\/product"}],"about":[{"href":"http:\/\/119.8.7.19\/masterprom\/wp-json\/wp\/v2\/types\/product"}],"replies":[{"embeddable":true,"href":"http:\/\/119.8.7.19\/masterprom\/wp-json\/wp\/v2\/comments?post=17585"}],"wp:attachment":[{"href":"http:\/\/119.8.7.19\/masterprom\/wp-json\/wp\/v2\/media?parent=17585"}],"curies":[{"name":"wp","href":"https:\/\/api.w.org\/{rel}","templated":true}]}}