{"id":17571,"date":"2021-04-20T00:52:22","date_gmt":"2021-04-20T05:52:22","guid":{"rendered":"http:\/\/119.8.7.19\/masterprom\/producto\/el92085\/"},"modified":"2021-04-20T00:52:23","modified_gmt":"2021-04-20T05:52:23","slug":"el92085","status":"publish","type":"product","link":"http:\/\/119.8.7.19\/masterprom\/producto\/el92085\/","title":{"rendered":"EL92085"},"content":{"rendered":"<p>Cargador wireless\/ reloj despert keen, reloj de mesa con cargador inal\u00e1mbrico Keen con funci\u00f3n de alarma tiene la parte superior habilitada para cargar smartphones con carga inal\u00e1mbrica. Muestra la temperatura en grados cent\u00edgrados o Fahrenheit. Soporta carga inal\u00e1mbrica hasta 1A para los dispositivos que incluyen (pero no limitados a): iPhone 8\/8Plus\/X\/XS\/XS Max\/XR *Samsung Galaxy Note5\/S6\/S6 Edge\/ S6 Edge+\/S7\/S7 Edge\/S8\/S8+\/S9\/S9+\/Note 9 * Google Nexus 5\/6\/7 * HTC Droid DNA, 8x * LG G3\/G4, Lucid 2\/3 * Nokia Lumia 920\/930 *. Incluye un micro cable de carga. Se debe quitar la pel\u00edcula protectora de la pantalla del reloj antes de usarlo<\/p>\n","protected":false},"excerpt":{"rendered":"<p>Cargador wireless\/ reloj despert keen, reloj de mesa con cargador inal\u00e1mbrico Keen con funci\u00f3n de alarma tiene la parte superior habilitada para cargar smartphones con carga inal\u00e1mbrica. Muestra la temperatura en grados cent\u00edgrados o Fahrenheit. Soporta carga inal\u00e1mbrica hasta 1A para los dispositivos que incluyen (pero no limitados a): iPhone 8\/8Plus\/X\/XS\/XS Max\/XR *Samsung Galaxy Note5\/S6\/S6 Edge\/ S6 Edge+\/S7\/S7 Edge\/S8\/S8+\/S9\/S9+\/Note 9 * Google Nexus 5\/6\/7 * HTC Droid DNA, 8x * LG G3\/G4, Lucid 2\/3 * Nokia Lumia 920\/930 *. Incluye un micro cable de carga. Se debe quitar la pel\u00edcula protectora de la pantalla del reloj antes de usarlo<\/p>\n","protected":false},"featured_media":0,"comment_status":"closed","ping_status":"open","template":"","meta":[],"class_list":["post-17571","product","type-product","status-publish","hentry","product_cat-relojes","product_cat-relojes-de-escritorio","product_tag-promoline"],"_links":{"self":[{"href":"http:\/\/119.8.7.19\/masterprom\/wp-json\/wp\/v2\/product\/17571","targetHints":{"allow":["GET"]}}],"collection":[{"href":"http:\/\/119.8.7.19\/masterprom\/wp-json\/wp\/v2\/product"}],"about":[{"href":"http:\/\/119.8.7.19\/masterprom\/wp-json\/wp\/v2\/types\/product"}],"replies":[{"embeddable":true,"href":"http:\/\/119.8.7.19\/masterprom\/wp-json\/wp\/v2\/comments?post=17571"}],"wp:attachment":[{"href":"http:\/\/119.8.7.19\/masterprom\/wp-json\/wp\/v2\/media?parent=17571"}],"curies":[{"name":"wp","href":"https:\/\/api.w.org\/{rel}","templated":true}]}}