{"id":17554,"date":"2021-04-20T00:52:19","date_gmt":"2021-04-20T05:52:19","guid":{"rendered":"http:\/\/119.8.7.19\/masterprom\/producto\/pd-002\/"},"modified":"2021-04-20T00:52:20","modified_gmt":"2021-04-20T05:52:20","slug":"pd-002","status":"publish","type":"product","link":"http:\/\/119.8.7.19\/masterprom\/producto\/pd-002\/","title":{"rendered":"PD-002"},"content":{"rendered":"<p>Reloj de pared con arillo de pl\u00e1stico y protecci\u00f3n de cristal. usa 1 bater\u00eda aa incluida<\/p>\n","protected":false},"excerpt":{"rendered":"<p>Reloj de pared con arillo de pl\u00e1stico y protecci\u00f3n de cristal. usa 1 bater\u00eda aa incluida<\/p>\n","protected":false},"featured_media":0,"comment_status":"closed","ping_status":"open","template":"","meta":[],"class_list":["post-17554","product","type-product","status-publish","hentry","product_cat-relojes","product_cat-relojes-de-pared","product_tag-innova"],"_links":{"self":[{"href":"http:\/\/119.8.7.19\/masterprom\/wp-json\/wp\/v2\/product\/17554","targetHints":{"allow":["GET"]}}],"collection":[{"href":"http:\/\/119.8.7.19\/masterprom\/wp-json\/wp\/v2\/product"}],"about":[{"href":"http:\/\/119.8.7.19\/masterprom\/wp-json\/wp\/v2\/types\/product"}],"replies":[{"embeddable":true,"href":"http:\/\/119.8.7.19\/masterprom\/wp-json\/wp\/v2\/comments?post=17554"}],"wp:attachment":[{"href":"http:\/\/119.8.7.19\/masterprom\/wp-json\/wp\/v2\/media?parent=17554"}],"curies":[{"name":"wp","href":"https:\/\/api.w.org\/{rel}","templated":true}]}}