{"id":17552,"date":"2021-04-20T00:52:19","date_gmt":"2021-04-20T05:52:19","guid":{"rendered":"http:\/\/119.8.7.19\/masterprom\/producto\/pd-003\/"},"modified":"2021-04-20T00:52:20","modified_gmt":"2021-04-20T05:52:20","slug":"pd-003","status":"publish","type":"product","link":"http:\/\/119.8.7.19\/masterprom\/producto\/pd-003\/","title":{"rendered":"PD-003"},"content":{"rendered":"<p>Reloj de pared con arillo de pl\u00e1stico y protecci\u00f3n de cristal, con hidr\u00f3metro (mide la humedad en el aire) y term\u00f3metro (mide la temperatura). incluye caja de cart\u00f3n individual y bater\u00edas.<\/p>\n","protected":false},"excerpt":{"rendered":"<p>Reloj de pared con arillo de pl\u00e1stico y protecci\u00f3n de cristal, con hidr\u00f3metro (mide la humedad en el aire) y term\u00f3metro (mide la temperatura). incluye caja de cart\u00f3n individual y bater\u00edas.<\/p>\n","protected":false},"featured_media":0,"comment_status":"closed","ping_status":"open","template":"","meta":[],"class_list":["post-17552","product","type-product","status-publish","hentry","product_cat-relojes","product_cat-relojes-de-pared","product_tag-innova"],"_links":{"self":[{"href":"http:\/\/119.8.7.19\/masterprom\/wp-json\/wp\/v2\/product\/17552","targetHints":{"allow":["GET"]}}],"collection":[{"href":"http:\/\/119.8.7.19\/masterprom\/wp-json\/wp\/v2\/product"}],"about":[{"href":"http:\/\/119.8.7.19\/masterprom\/wp-json\/wp\/v2\/types\/product"}],"replies":[{"embeddable":true,"href":"http:\/\/119.8.7.19\/masterprom\/wp-json\/wp\/v2\/comments?post=17552"}],"wp:attachment":[{"href":"http:\/\/119.8.7.19\/masterprom\/wp-json\/wp\/v2\/media?parent=17552"}],"curies":[{"name":"wp","href":"https:\/\/api.w.org\/{rel}","templated":true}]}}