{"id":17525,"date":"2021-04-20T00:52:15","date_gmt":"2021-04-20T05:52:15","guid":{"rendered":"http:\/\/119.8.7.19\/masterprom\/producto\/rk-005\/"},"modified":"2021-04-20T00:52:16","modified_gmt":"2021-04-20T05:52:16","slug":"rk-005","status":"publish","type":"product","link":"http:\/\/119.8.7.19\/masterprom\/producto\/rk-005\/","title":{"rendered":"RK-005"},"content":{"rendered":"<p>Reloj ejecutivo marca baki\u00f3, caja de acero inoxidable, correa de nylon, cron\u00f3metro y fechador. resistente al agua (5 atm). incluye estuche de lujo baki\u00f3.<\/p>\n","protected":false},"excerpt":{"rendered":"<p>Reloj ejecutivo marca baki\u00f3, caja de acero inoxidable, correa de nylon, cron\u00f3metro y fechador. resistente al agua (5 atm). incluye estuche de lujo baki\u00f3.<\/p>\n","protected":false},"featured_media":0,"comment_status":"closed","ping_status":"open","template":"","meta":[],"class_list":["post-17525","product","type-product","status-publish","hentry","product_cat-relojes","product_cat-relojes-de-pulso","product_tag-innova"],"_links":{"self":[{"href":"http:\/\/119.8.7.19\/masterprom\/wp-json\/wp\/v2\/product\/17525","targetHints":{"allow":["GET"]}}],"collection":[{"href":"http:\/\/119.8.7.19\/masterprom\/wp-json\/wp\/v2\/product"}],"about":[{"href":"http:\/\/119.8.7.19\/masterprom\/wp-json\/wp\/v2\/types\/product"}],"replies":[{"embeddable":true,"href":"http:\/\/119.8.7.19\/masterprom\/wp-json\/wp\/v2\/comments?post=17525"}],"wp:attachment":[{"href":"http:\/\/119.8.7.19\/masterprom\/wp-json\/wp\/v2\/media?parent=17525"}],"curies":[{"name":"wp","href":"https:\/\/api.w.org\/{rel}","templated":true}]}}