{"id":17521,"date":"2021-04-20T00:52:15","date_gmt":"2021-04-20T05:52:15","guid":{"rendered":"http:\/\/119.8.7.19\/masterprom\/producto\/rp-055\/"},"modified":"2021-04-20T00:52:16","modified_gmt":"2021-04-20T05:52:16","slug":"rp-055","status":"publish","type":"product","link":"http:\/\/119.8.7.19\/masterprom\/producto\/rp-055\/","title":{"rendered":"RP-055"},"content":{"rendered":"<p>Reloj de pulso unisex de silic\u00f3n, maquinaria met\u00e1lica japonesa. incluye estuche met\u00e1lico individual.<\/p>\n","protected":false},"excerpt":{"rendered":"<p>Reloj de pulso unisex de silic\u00f3n, maquinaria met\u00e1lica japonesa. incluye estuche met\u00e1lico individual.<\/p>\n","protected":false},"featured_media":0,"comment_status":"closed","ping_status":"open","template":"","meta":[],"class_list":["post-17521","product","type-product","status-publish","hentry","product_cat-relojes","product_cat-relojes-de-pulso","product_tag-innova"],"_links":{"self":[{"href":"http:\/\/119.8.7.19\/masterprom\/wp-json\/wp\/v2\/product\/17521","targetHints":{"allow":["GET"]}}],"collection":[{"href":"http:\/\/119.8.7.19\/masterprom\/wp-json\/wp\/v2\/product"}],"about":[{"href":"http:\/\/119.8.7.19\/masterprom\/wp-json\/wp\/v2\/types\/product"}],"replies":[{"embeddable":true,"href":"http:\/\/119.8.7.19\/masterprom\/wp-json\/wp\/v2\/comments?post=17521"}],"wp:attachment":[{"href":"http:\/\/119.8.7.19\/masterprom\/wp-json\/wp\/v2\/media?parent=17521"}],"curies":[{"name":"wp","href":"https:\/\/api.w.org\/{rel}","templated":true}]}}