{"id":17509,"date":"2021-04-20T00:48:39","date_gmt":"2021-04-20T05:48:39","guid":{"rendered":"http:\/\/119.8.7.19\/masterprom\/producto\/arbol-de-la-vida\/"},"modified":"2021-04-20T00:48:40","modified_gmt":"2021-04-20T05:48:40","slug":"arbol-de-la-vida","status":"publish","type":"product","link":"http:\/\/119.8.7.19\/masterprom\/producto\/arbol-de-la-vida\/","title":{"rendered":"\u00c1RBOL DE LA VIDA"},"content":{"rendered":"<p>\u00c1rbol de la Vida, Fina pieza elaborada en resina metalizada con forma de \u00e1rbol sobre base negra de madera.38cms de altura \/<br \/>\nBase  17*5*10cms<\/p>\n","protected":false},"excerpt":{"rendered":"<p>\u00c1rbol de la Vida, Fina pieza elaborada en resina metalizada con forma de \u00e1rbol sobre base negra de madera.38cms de altura \/<br \/>\nBase  17*5*10cms<\/p>\n","protected":false},"featured_media":0,"comment_status":"closed","ping_status":"open","template":"","meta":[],"class_list":["post-17509","product","type-product","status-publish","hentry","product_cat-reconocimeintos","product_cat-reconocimientos-de-acrilico-reconocimeintos","product_tag-tradis-norman","pa_detalle-especifico-38cms-de-altura-base-17510cms"],"_links":{"self":[{"href":"http:\/\/119.8.7.19\/masterprom\/wp-json\/wp\/v2\/product\/17509","targetHints":{"allow":["GET"]}}],"collection":[{"href":"http:\/\/119.8.7.19\/masterprom\/wp-json\/wp\/v2\/product"}],"about":[{"href":"http:\/\/119.8.7.19\/masterprom\/wp-json\/wp\/v2\/types\/product"}],"replies":[{"embeddable":true,"href":"http:\/\/119.8.7.19\/masterprom\/wp-json\/wp\/v2\/comments?post=17509"}],"wp:attachment":[{"href":"http:\/\/119.8.7.19\/masterprom\/wp-json\/wp\/v2\/media?parent=17509"}],"curies":[{"name":"wp","href":"https:\/\/api.w.org\/{rel}","templated":true}]}}