{"id":17507,"date":"2021-04-20T00:48:39","date_gmt":"2021-04-20T05:48:39","guid":{"rendered":"http:\/\/119.8.7.19\/masterprom\/producto\/forma-de-mano\/"},"modified":"2021-04-20T00:48:40","modified_gmt":"2021-04-20T05:48:40","slug":"forma-de-mano","status":"publish","type":"product","link":"http:\/\/119.8.7.19\/masterprom\/producto\/forma-de-mano\/","title":{"rendered":"FORMA DE MANO"},"content":{"rendered":"<p>Reconocimiento de acr\u00edlico personalizado en forma de mano, elaborado con acr\u00edlico negro brillante y acr\u00edlico transparent<\/p>\n","protected":false},"excerpt":{"rendered":"<p>Reconocimiento de acr\u00edlico personalizado en forma de mano, elaborado con acr\u00edlico negro brillante y acr\u00edlico transparent<\/p>\n","protected":false},"featured_media":0,"comment_status":"closed","ping_status":"open","template":"","meta":[],"class_list":["post-17507","product","type-product","status-publish","hentry","product_cat-reconocimeintos","product_cat-reconocimientos-de-acrilico-reconocimeintos","product_tag-tradis-norman"],"_links":{"self":[{"href":"http:\/\/119.8.7.19\/masterprom\/wp-json\/wp\/v2\/product\/17507","targetHints":{"allow":["GET"]}}],"collection":[{"href":"http:\/\/119.8.7.19\/masterprom\/wp-json\/wp\/v2\/product"}],"about":[{"href":"http:\/\/119.8.7.19\/masterprom\/wp-json\/wp\/v2\/types\/product"}],"replies":[{"embeddable":true,"href":"http:\/\/119.8.7.19\/masterprom\/wp-json\/wp\/v2\/comments?post=17507"}],"wp:attachment":[{"href":"http:\/\/119.8.7.19\/masterprom\/wp-json\/wp\/v2\/media?parent=17507"}],"curies":[{"name":"wp","href":"https:\/\/api.w.org\/{rel}","templated":true}]}}