{"id":17499,"date":"2021-04-20T00:48:39","date_gmt":"2021-04-20T05:48:39","guid":{"rendered":"http:\/\/119.8.7.19\/masterprom\/producto\/prisma-de-cristal-con-grabado-3d-de-5x5x8-cms\/"},"modified":"2021-04-20T00:48:39","modified_gmt":"2021-04-20T05:48:39","slug":"prisma-de-cristal-con-grabado-3d-de-5x5x8-cms","status":"publish","type":"product","link":"http:\/\/119.8.7.19\/masterprom\/producto\/prisma-de-cristal-con-grabado-3d-de-5x5x8-cms\/","title":{"rendered":"PRISMA DE CRISTAL CON GRABADO 3D DE 5X5X8 CMS"},"content":{"rendered":"<p>Magn\u00edfica pieza de cristal grabada en Tercera Dimensi\u00f3n, pieza totalmente personalizable a su propio dise\u00f1o.<\/p>\n","protected":false},"excerpt":{"rendered":"<p>Magn\u00edfica pieza de cristal grabada en Tercera Dimensi\u00f3n, pieza totalmente personalizable a su propio dise\u00f1o.<\/p>\n","protected":false},"featured_media":0,"comment_status":"closed","ping_status":"open","template":"","meta":[],"class_list":["post-17499","product","type-product","status-publish","hentry","product_cat-reconocimeintos","product_cat-vidrio-y-cristal","product_tag-tradis-norman"],"_links":{"self":[{"href":"http:\/\/119.8.7.19\/masterprom\/wp-json\/wp\/v2\/product\/17499","targetHints":{"allow":["GET"]}}],"collection":[{"href":"http:\/\/119.8.7.19\/masterprom\/wp-json\/wp\/v2\/product"}],"about":[{"href":"http:\/\/119.8.7.19\/masterprom\/wp-json\/wp\/v2\/types\/product"}],"replies":[{"embeddable":true,"href":"http:\/\/119.8.7.19\/masterprom\/wp-json\/wp\/v2\/comments?post=17499"}],"wp:attachment":[{"href":"http:\/\/119.8.7.19\/masterprom\/wp-json\/wp\/v2\/media?parent=17499"}],"curies":[{"name":"wp","href":"https:\/\/api.w.org\/{rel}","templated":true}]}}