{"id":17398,"date":"2021-04-20T00:41:45","date_gmt":"2021-04-20T05:41:45","guid":{"rendered":"http:\/\/119.8.7.19\/masterprom\/producto\/c485\/"},"modified":"2021-04-20T00:41:45","modified_gmt":"2021-04-20T05:41:45","slug":"c485","status":"publish","type":"product","link":"http:\/\/119.8.7.19\/masterprom\/producto\/c485\/","title":{"rendered":"C485"},"content":{"rendered":"<p>Cangurera 2 bolsillos. Salida para aud\u00edfonos. Correa ajustable. Herrajes Pl\u00e1sticos \u00c1rea de Impresi\u00f3n: 10 x 6 cm.<\/p>\n","protected":false},"excerpt":{"rendered":"<p>Cangurera 2 bolsillos. Salida para aud\u00edfonos. Correa ajustable. Herrajes Pl\u00e1sticos \u00c1rea de Impresi\u00f3n: 10 x 6 cm.<\/p>\n","protected":false},"featured_media":0,"comment_status":"closed","ping_status":"open","template":"","meta":[],"class_list":["post-17398","product","type-product","status-publish","hentry","product_cat-cangureras","product_cat-maletas-y-mochilas","product_tag-cdo"],"_links":{"self":[{"href":"http:\/\/119.8.7.19\/masterprom\/wp-json\/wp\/v2\/product\/17398","targetHints":{"allow":["GET"]}}],"collection":[{"href":"http:\/\/119.8.7.19\/masterprom\/wp-json\/wp\/v2\/product"}],"about":[{"href":"http:\/\/119.8.7.19\/masterprom\/wp-json\/wp\/v2\/types\/product"}],"replies":[{"embeddable":true,"href":"http:\/\/119.8.7.19\/masterprom\/wp-json\/wp\/v2\/comments?post=17398"}],"wp:attachment":[{"href":"http:\/\/119.8.7.19\/masterprom\/wp-json\/wp\/v2\/media?parent=17398"}],"curies":[{"name":"wp","href":"https:\/\/api.w.org\/{rel}","templated":true}]}}