{"id":17366,"date":"2021-04-20T00:41:38","date_gmt":"2021-04-20T05:41:38","guid":{"rendered":"http:\/\/119.8.7.19\/masterprom\/producto\/lon-ois\/"},"modified":"2021-04-20T00:41:39","modified_gmt":"2021-04-20T05:41:39","slug":"lon-ois","status":"publish","type":"product","link":"http:\/\/119.8.7.19\/masterprom\/producto\/lon-ois\/","title":{"rendered":"LON-OIS"},"content":{"rendered":"<p>Lonchera Takayama Oishii, Tela exterior repelente al agua. Interior con aislante t\u00e9rmico de f\u00e1cil limpieza. Pr\u00e1ctica bolsa interior de malla con cierre.<\/p>\n","protected":false},"excerpt":{"rendered":"<p>Lonchera Takayama Oishii, Tela exterior repelente al agua. Interior con aislante t\u00e9rmico de f\u00e1cil limpieza. Pr\u00e1ctica bolsa interior de malla con cierre.<\/p>\n","protected":false},"featured_media":0,"comment_status":"closed","ping_status":"open","template":"","meta":[],"class_list":["post-17366","product","type-product","status-publish","hentry","product_cat-hieleras-y-loncheras","product_cat-maletas-y-mochilas","product_tag-g4"],"_links":{"self":[{"href":"http:\/\/119.8.7.19\/masterprom\/wp-json\/wp\/v2\/product\/17366","targetHints":{"allow":["GET"]}}],"collection":[{"href":"http:\/\/119.8.7.19\/masterprom\/wp-json\/wp\/v2\/product"}],"about":[{"href":"http:\/\/119.8.7.19\/masterprom\/wp-json\/wp\/v2\/types\/product"}],"replies":[{"embeddable":true,"href":"http:\/\/119.8.7.19\/masterprom\/wp-json\/wp\/v2\/comments?post=17366"}],"wp:attachment":[{"href":"http:\/\/119.8.7.19\/masterprom\/wp-json\/wp\/v2\/media?parent=17366"}],"curies":[{"name":"wp","href":"https:\/\/api.w.org\/{rel}","templated":true}]}}