{"id":17350,"date":"2021-04-20T00:41:34","date_gmt":"2021-04-20T05:41:34","guid":{"rendered":"http:\/\/119.8.7.19\/masterprom\/producto\/sin-880-2\/"},"modified":"2021-04-20T00:41:36","modified_gmt":"2021-04-20T05:41:36","slug":"sin-880-2","status":"publish","type":"product","link":"http:\/\/119.8.7.19\/masterprom\/producto\/sin-880-2\/","title":{"rendered":"SIN-880"},"content":{"rendered":"<p>Set de maletas jodhpur (set de 2 maletas de 20&#8243; y 24&#8243; trolley con 4 ruedas y frenos de seguridad. interior con cintas el\u00e1sticas con broche y panel divisor de malla y cierre. candado de seguridad tsa con combinaci\u00f3n de 3 d\u00edgitos. placas removibles para f\u00e1cil grabado. )<\/p>\n","protected":false},"excerpt":{"rendered":"<p>Set de maletas jodhpur (set de 2 maletas de 20&#8243; y 24&#8243; trolley con 4 ruedas y frenos de seguridad. interior con cintas el\u00e1sticas con broche y panel divisor de malla y cierre. candado de seguridad tsa con combinaci\u00f3n de 3 d\u00edgitos. placas removibles para f\u00e1cil grabado. )<\/p>\n","protected":false},"featured_media":0,"comment_status":"closed","ping_status":"open","template":"","meta":[],"class_list":["post-17350","product","type-product","status-publish","hentry","product_cat-maletas","product_cat-maletas-y-mochilas","product_tag-promoopcion"],"_links":{"self":[{"href":"http:\/\/119.8.7.19\/masterprom\/wp-json\/wp\/v2\/product\/17350","targetHints":{"allow":["GET"]}}],"collection":[{"href":"http:\/\/119.8.7.19\/masterprom\/wp-json\/wp\/v2\/product"}],"about":[{"href":"http:\/\/119.8.7.19\/masterprom\/wp-json\/wp\/v2\/types\/product"}],"replies":[{"embeddable":true,"href":"http:\/\/119.8.7.19\/masterprom\/wp-json\/wp\/v2\/comments?post=17350"}],"wp:attachment":[{"href":"http:\/\/119.8.7.19\/masterprom\/wp-json\/wp\/v2\/media?parent=17350"}],"curies":[{"name":"wp","href":"https:\/\/api.w.org\/{rel}","templated":true}]}}