{"id":17332,"date":"2021-04-20T00:41:31","date_gmt":"2021-04-20T05:41:31","guid":{"rendered":"http:\/\/119.8.7.19\/masterprom\/producto\/c500\/"},"modified":"2021-04-20T00:41:33","modified_gmt":"2021-04-20T05:41:33","slug":"c500","status":"publish","type":"product","link":"http:\/\/119.8.7.19\/masterprom\/producto\/c500\/","title":{"rendered":"C500"},"content":{"rendered":"<p>Maleta peque\u00f1a,  capacidad 38 litros. ruedas con giro de 360\u00b0. sistema trolley. manija de transporte reforzada. mango con 2 posiciones, extensible hasta 54 cm. interior: 2 compartimentos principales con cierre y el\u00e1sticos ajustables. polyester color gris. placa met\u00e1lica desmontable para grabado (medida: 6 x 4 cm.) candado de combinaci\u00f3n num\u00e9rica.<\/p>\n","protected":false},"excerpt":{"rendered":"<p>Maleta peque\u00f1a,  capacidad 38 litros. ruedas con giro de 360\u00b0. sistema trolley. manija de transporte reforzada. mango con 2 posiciones, extensible hasta 54 cm. interior: 2 compartimentos principales con cierre y el\u00e1sticos ajustables. polyester color gris. placa met\u00e1lica desmontable para grabado (medida: 6 x 4 cm.) candado de combinaci\u00f3n num\u00e9rica.<\/p>\n","protected":false},"featured_media":0,"comment_status":"closed","ping_status":"open","template":"","meta":[],"class_list":["post-17332","product","type-product","status-publish","hentry","product_cat-maletas","product_cat-maletas-y-mochilas","product_tag-cdo"],"_links":{"self":[{"href":"http:\/\/119.8.7.19\/masterprom\/wp-json\/wp\/v2\/product\/17332","targetHints":{"allow":["GET"]}}],"collection":[{"href":"http:\/\/119.8.7.19\/masterprom\/wp-json\/wp\/v2\/product"}],"about":[{"href":"http:\/\/119.8.7.19\/masterprom\/wp-json\/wp\/v2\/types\/product"}],"replies":[{"embeddable":true,"href":"http:\/\/119.8.7.19\/masterprom\/wp-json\/wp\/v2\/comments?post=17332"}],"wp:attachment":[{"href":"http:\/\/119.8.7.19\/masterprom\/wp-json\/wp\/v2\/media?parent=17332"}],"curies":[{"name":"wp","href":"https:\/\/api.w.org\/{rel}","templated":true}]}}