{"id":17331,"date":"2021-04-20T00:41:31","date_gmt":"2021-04-20T05:41:31","guid":{"rendered":"http:\/\/119.8.7.19\/masterprom\/producto\/c529\/"},"modified":"2021-04-20T00:41:33","modified_gmt":"2021-04-20T05:41:33","slug":"c529","status":"publish","type":"product","link":"http:\/\/119.8.7.19\/masterprom\/producto\/c529\/","title":{"rendered":"C529"},"content":{"rendered":"<p>Maleta &#8220;atlanta&#8221;  capacidad 36 litros.  4 ruedas con giro 360\u00b0. sistema trolley. 2 posiciones, manija extensible hasta 56 cm. compartimento frontal con espacio alcolchonado para guardar laptop, celular y bol\u00edgrafos. compartimento principal con cintas el\u00e1sticas cruzadas y un bolsillo de red. placa met\u00e1lica de 6 x 4 cm. para grabar. candado de combinaci\u00f3n num\u00e9rica.<\/p>\n","protected":false},"excerpt":{"rendered":"<p>Maleta &#8220;atlanta&#8221;  capacidad 36 litros.  4 ruedas con giro 360\u00b0. sistema trolley. 2 posiciones, manija extensible hasta 56 cm. compartimento frontal con espacio alcolchonado para guardar laptop, celular y bol\u00edgrafos. compartimento principal con cintas el\u00e1sticas cruzadas y un bolsillo de red. placa met\u00e1lica de 6 x 4 cm. para grabar. candado de combinaci\u00f3n num\u00e9rica.<\/p>\n","protected":false},"featured_media":0,"comment_status":"closed","ping_status":"open","template":"","meta":[],"class_list":["post-17331","product","type-product","status-publish","hentry","product_cat-maletas","product_cat-maletas-y-mochilas","product_tag-cdo"],"_links":{"self":[{"href":"http:\/\/119.8.7.19\/masterprom\/wp-json\/wp\/v2\/product\/17331","targetHints":{"allow":["GET"]}}],"collection":[{"href":"http:\/\/119.8.7.19\/masterprom\/wp-json\/wp\/v2\/product"}],"about":[{"href":"http:\/\/119.8.7.19\/masterprom\/wp-json\/wp\/v2\/types\/product"}],"replies":[{"embeddable":true,"href":"http:\/\/119.8.7.19\/masterprom\/wp-json\/wp\/v2\/comments?post=17331"}],"wp:attachment":[{"href":"http:\/\/119.8.7.19\/masterprom\/wp-json\/wp\/v2\/media?parent=17331"}],"curies":[{"name":"wp","href":"https:\/\/api.w.org\/{rel}","templated":true}]}}