{"id":17329,"date":"2021-04-20T00:41:31","date_gmt":"2021-04-20T05:41:31","guid":{"rendered":"http:\/\/119.8.7.19\/masterprom\/producto\/mal-war\/"},"modified":"2021-04-20T00:41:33","modified_gmt":"2021-04-20T05:41:33","slug":"mal-war","status":"publish","type":"product","link":"http:\/\/119.8.7.19\/masterprom\/producto\/mal-war\/","title":{"rendered":"MAL WAR"},"content":{"rendered":"<p>Maleta Wagner Road, Poli\u00e9ster de alta resistencia. Bast\u00f3n de aluminio reforzado de doble altura. 4 Ruedas de alto impacto con suave giro 360\u00b0. Ligera (2.9 Kg.) pero de gran capacidad (32 Litros). Candado TSA (Transportation Security Administration) integrado. Adem\u00e1s de ofrecerte la seguridad de un cierre de combinaci\u00f3n lateral, evitar\u00e1<br \/>\nque tu maleta acabe da\u00f1ada en caso de ser elegida para inspecci\u00f3n por el personal de aduanas del aeropuerto. Cierres de la m\u00e1s alta calidad. Multi compartimentos.<\/p>\n","protected":false},"excerpt":{"rendered":"<p>Maleta Wagner Road, Poli\u00e9ster de alta resistencia. Bast\u00f3n de aluminio reforzado de doble altura. 4 Ruedas de alto impacto con suave giro 360\u00b0. Ligera (2.9 Kg.) pero de gran capacidad (32 Litros). Candado TSA (Transportation Security Administration) integrado. Adem\u00e1s de ofrecerte la seguridad de un cierre de combinaci\u00f3n lateral, evitar\u00e1<br \/>\nque tu maleta acabe da\u00f1ada en caso de ser elegida para inspecci\u00f3n por el personal de aduanas del aeropuerto. Cierres de la m\u00e1s alta calidad. Multi compartimentos.<\/p>\n","protected":false},"featured_media":0,"comment_status":"closed","ping_status":"open","template":"","meta":[],"class_list":["post-17329","product","type-product","status-publish","hentry","product_cat-maletas","product_cat-maletas-y-mochilas","product_tag-g4"],"_links":{"self":[{"href":"http:\/\/119.8.7.19\/masterprom\/wp-json\/wp\/v2\/product\/17329","targetHints":{"allow":["GET"]}}],"collection":[{"href":"http:\/\/119.8.7.19\/masterprom\/wp-json\/wp\/v2\/product"}],"about":[{"href":"http:\/\/119.8.7.19\/masterprom\/wp-json\/wp\/v2\/types\/product"}],"replies":[{"embeddable":true,"href":"http:\/\/119.8.7.19\/masterprom\/wp-json\/wp\/v2\/comments?post=17329"}],"wp:attachment":[{"href":"http:\/\/119.8.7.19\/masterprom\/wp-json\/wp\/v2\/media?parent=17329"}],"curies":[{"name":"wp","href":"https:\/\/api.w.org\/{rel}","templated":true}]}}