{"id":17322,"date":"2021-04-20T00:41:31","date_gmt":"2021-04-20T05:41:31","guid":{"rendered":"http:\/\/119.8.7.19\/masterprom\/producto\/tx-030\/"},"modified":"2021-04-20T00:41:32","modified_gmt":"2021-04-20T05:41:32","slug":"tx-030","status":"publish","type":"product","link":"http:\/\/119.8.7.19\/masterprom\/producto\/tx-030\/","title":{"rendered":"TX-030"},"content":{"rendered":"<p>Maleta con ruedas (en abs y pvc), mango retr\u00e1ctil de aluminio (grosor 6 cm) y amplios compartimentos interiores, fabricada en poli\u00e9ster con recubrimiento de pvc. incluye placa de aleaci\u00f3n de zinc.<\/p>\n","protected":false},"excerpt":{"rendered":"<p>Maleta con ruedas (en abs y pvc), mango retr\u00e1ctil de aluminio (grosor 6 cm) y amplios compartimentos interiores, fabricada en poli\u00e9ster con recubrimiento de pvc. incluye placa de aleaci\u00f3n de zinc.<\/p>\n","protected":false},"featured_media":0,"comment_status":"closed","ping_status":"open","template":"","meta":[],"class_list":["post-17322","product","type-product","status-publish","hentry","product_cat-maletas","product_cat-maletas-y-mochilas","product_tag-innova"],"_links":{"self":[{"href":"http:\/\/119.8.7.19\/masterprom\/wp-json\/wp\/v2\/product\/17322","targetHints":{"allow":["GET"]}}],"collection":[{"href":"http:\/\/119.8.7.19\/masterprom\/wp-json\/wp\/v2\/product"}],"about":[{"href":"http:\/\/119.8.7.19\/masterprom\/wp-json\/wp\/v2\/types\/product"}],"replies":[{"embeddable":true,"href":"http:\/\/119.8.7.19\/masterprom\/wp-json\/wp\/v2\/comments?post=17322"}],"wp:attachment":[{"href":"http:\/\/119.8.7.19\/masterprom\/wp-json\/wp\/v2\/media?parent=17322"}],"curies":[{"name":"wp","href":"https:\/\/api.w.org\/{rel}","templated":true}]}}