{"id":17264,"date":"2021-04-20T00:41:28","date_gmt":"2021-04-20T05:41:28","guid":{"rendered":"http:\/\/119.8.7.19\/masterprom\/producto\/31105001-2\/"},"modified":"2021-04-20T00:41:29","modified_gmt":"2021-04-20T05:41:29","slug":"31105001-2","status":"publish","type":"product","link":"http:\/\/119.8.7.19\/masterprom\/producto\/31105001-2\/","title":{"rendered":"31105001"},"content":{"rendered":"<p>Vxsport-cadet moch.nga p\/laptop 16&#8243; y bols.p\/tableta, \u0095 Con su esbelto dise\u00f1o, la mochila Cadet le permite mantener organizado su equipaje sin estorbarle en ning\u00fan momento \u0095 Panel de organizaci\u00f3n frontal con bolsillo con cremallera todo alrededor, bolsillo para dispositivos electr\u00f3nicos, bolsillo perif\u00e9rico, bolsillo de malla para documentos de identidad, lapicero y llavero \u0095 Presillas tejidas en las hombreras para fijar de forma pr\u00e1ctica las gafas de sol u otros accesorios<\/p>\n","protected":false},"excerpt":{"rendered":"<p>Vxsport-cadet moch.nga p\/laptop 16&#8243; y bols.p\/tableta, \u0095 Con su esbelto dise\u00f1o, la mochila Cadet le permite mantener organizado su equipaje sin estorbarle en ning\u00fan momento \u0095 Panel de organizaci\u00f3n frontal con bolsillo con cremallera todo alrededor, bolsillo para dispositivos electr\u00f3nicos, bolsillo perif\u00e9rico, bolsillo de malla para documentos de identidad, lapicero y llavero \u0095 Presillas tejidas en las hombreras para fijar de forma pr\u00e1ctica las gafas de sol u otros accesorios<\/p>\n","protected":false},"featured_media":0,"comment_status":"closed","ping_status":"open","template":"","meta":[],"class_list":["post-17264","product","type-product","status-publish","hentry","product_cat-maletas-y-mochilas","product_cat-mochilas-y-portafolios","product_cat-portalaptop","product_tag-victorinox"],"_links":{"self":[{"href":"http:\/\/119.8.7.19\/masterprom\/wp-json\/wp\/v2\/product\/17264","targetHints":{"allow":["GET"]}}],"collection":[{"href":"http:\/\/119.8.7.19\/masterprom\/wp-json\/wp\/v2\/product"}],"about":[{"href":"http:\/\/119.8.7.19\/masterprom\/wp-json\/wp\/v2\/types\/product"}],"replies":[{"embeddable":true,"href":"http:\/\/119.8.7.19\/masterprom\/wp-json\/wp\/v2\/comments?post=17264"}],"wp:attachment":[{"href":"http:\/\/119.8.7.19\/masterprom\/wp-json\/wp\/v2\/media?parent=17264"}],"curies":[{"name":"wp","href":"https:\/\/api.w.org\/{rel}","templated":true}]}}