{"id":17252,"date":"2021-04-20T00:41:16","date_gmt":"2021-04-20T05:41:16","guid":{"rendered":"http:\/\/119.8.7.19\/masterprom\/producto\/tec021\/"},"modified":"2021-04-20T00:41:17","modified_gmt":"2021-04-20T05:41:17","slug":"tec021","status":"publish","type":"product","link":"http:\/\/119.8.7.19\/masterprom\/producto\/tec021\/","title":{"rendered":"TEC021"},"content":{"rendered":"<p>Porta documentos tipo bolsa. Fabricado en imitaci\u00f3n piel, r\u00fastico con costura blanca e interior en gamusina, asa y broche de im\u00e1n.<\/p>\n","protected":false},"excerpt":{"rendered":"<p>Porta documentos tipo bolsa. Fabricado en imitaci\u00f3n piel, r\u00fastico con costura blanca e interior en gamusina, asa y broche de im\u00e1n.<\/p>\n","protected":false},"featured_media":0,"comment_status":"closed","ping_status":"open","template":"","meta":[],"class_list":["post-17252","product","type-product","status-publish","hentry","product_cat-maletas-y-mochilas","product_cat-mochilas-y-portafolios","product_tag-sunline"],"_links":{"self":[{"href":"http:\/\/119.8.7.19\/masterprom\/wp-json\/wp\/v2\/product\/17252","targetHints":{"allow":["GET"]}}],"collection":[{"href":"http:\/\/119.8.7.19\/masterprom\/wp-json\/wp\/v2\/product"}],"about":[{"href":"http:\/\/119.8.7.19\/masterprom\/wp-json\/wp\/v2\/types\/product"}],"replies":[{"embeddable":true,"href":"http:\/\/119.8.7.19\/masterprom\/wp-json\/wp\/v2\/comments?post=17252"}],"wp:attachment":[{"href":"http:\/\/119.8.7.19\/masterprom\/wp-json\/wp\/v2\/media?parent=17252"}],"curies":[{"name":"wp","href":"https:\/\/api.w.org\/{rel}","templated":true}]}}