{"id":17251,"date":"2021-04-20T00:41:26","date_gmt":"2021-04-20T05:41:26","guid":{"rendered":"http:\/\/119.8.7.19\/masterprom\/producto\/slmal085-2\/"},"modified":"2021-04-20T00:41:27","modified_gmt":"2021-04-20T05:41:27","slug":"slmal085-2","status":"publish","type":"product","link":"http:\/\/119.8.7.19\/masterprom\/producto\/slmal085-2\/","title":{"rendered":"SLMAL085"},"content":{"rendered":"<p>Back Pack Moleskine Business, La mochila Business;<br \/>\nCARACTER\u00cdSTICAS EXTERNAS<br \/>\n-Espacio delantero con panel organizador<br \/>\n-Bolsillos externos con cremallera de f\u00e1cil acceso para tel\u00e9fono y objetos peque\u00f1os<br \/>\n-2 bolsillos laterales<br \/>\nCARACTER\u00cdSTICAS INTERNAS<br \/>\n-Compartimento acolchado aparte para port\u00e1tiles: para dispositivos de hasta 15&#8243;<br \/>\n-Bolsillo acolchado para tabletas<br \/>\n-Bolsillos internos, uno abierto y otro con cremallera, para<br \/>\nalmacenar objetos esenciales<\/p>\n","protected":false},"excerpt":{"rendered":"<p>Back Pack Moleskine Business, La mochila Business;<br \/>\nCARACTER\u00cdSTICAS EXTERNAS<br \/>\n-Espacio delantero con panel organizador<br \/>\n-Bolsillos externos con cremallera de f\u00e1cil acceso para tel\u00e9fono y objetos peque\u00f1os<br \/>\n-2 bolsillos laterales<br \/>\nCARACTER\u00cdSTICAS INTERNAS<br \/>\n-Compartimento acolchado aparte para port\u00e1tiles: para dispositivos de hasta 15&#8243;<br \/>\n-Bolsillo acolchado para tabletas<br \/>\n-Bolsillos internos, uno abierto y otro con cremallera, para<br \/>\nalmacenar objetos esenciales<\/p>\n","protected":false},"featured_media":0,"comment_status":"closed","ping_status":"open","template":"","meta":[],"class_list":["post-17251","product","type-product","status-publish","hentry","product_cat-maletas-y-mochilas","product_cat-mochilas-y-portafolios","product_cat-portalaptop","product_tag-sunline"],"_links":{"self":[{"href":"http:\/\/119.8.7.19\/masterprom\/wp-json\/wp\/v2\/product\/17251","targetHints":{"allow":["GET"]}}],"collection":[{"href":"http:\/\/119.8.7.19\/masterprom\/wp-json\/wp\/v2\/product"}],"about":[{"href":"http:\/\/119.8.7.19\/masterprom\/wp-json\/wp\/v2\/types\/product"}],"replies":[{"embeddable":true,"href":"http:\/\/119.8.7.19\/masterprom\/wp-json\/wp\/v2\/comments?post=17251"}],"wp:attachment":[{"href":"http:\/\/119.8.7.19\/masterprom\/wp-json\/wp\/v2\/media?parent=17251"}],"curies":[{"name":"wp","href":"https:\/\/api.w.org\/{rel}","templated":true}]}}