{"id":17249,"date":"2021-04-20T00:41:26","date_gmt":"2021-04-20T05:41:26","guid":{"rendered":"http:\/\/119.8.7.19\/masterprom\/producto\/08-224\/"},"modified":"2021-04-20T00:41:27","modified_gmt":"2021-04-20T05:41:27","slug":"08-224","status":"publish","type":"product","link":"http:\/\/119.8.7.19\/masterprom\/producto\/08-224\/","title":{"rendered":"08-224"},"content":{"rendered":"<p>Banker portadocumentos en resistente poli\u00e9ster 600d en color negro con cierre. con salida para aud\u00edfonos y compartimento interior con salida usb para conexi\u00f3n de powerbank (no incluido). con resistentes asas reforzadas. interior con compartimento acolchado para laptop de hasta 15 pulgadas y compartimento para tablet de hasta 10 pulgadas<\/p>\n","protected":false},"excerpt":{"rendered":"<p>Banker portadocumentos en resistente poli\u00e9ster 600d en color negro con cierre. con salida para aud\u00edfonos y compartimento interior con salida usb para conexi\u00f3n de powerbank (no incluido). con resistentes asas reforzadas. interior con compartimento acolchado para laptop de hasta 15 pulgadas y compartimento para tablet de hasta 10 pulgadas<\/p>\n","protected":false},"featured_media":0,"comment_status":"closed","ping_status":"open","template":"","meta":[],"class_list":["post-17249","product","type-product","status-publish","hentry","product_cat-maletas-y-mochilas","product_cat-mochilas-y-portafolios","product_cat-portalaptop","product_tag-blestar"],"_links":{"self":[{"href":"http:\/\/119.8.7.19\/masterprom\/wp-json\/wp\/v2\/product\/17249","targetHints":{"allow":["GET"]}}],"collection":[{"href":"http:\/\/119.8.7.19\/masterprom\/wp-json\/wp\/v2\/product"}],"about":[{"href":"http:\/\/119.8.7.19\/masterprom\/wp-json\/wp\/v2\/types\/product"}],"replies":[{"embeddable":true,"href":"http:\/\/119.8.7.19\/masterprom\/wp-json\/wp\/v2\/comments?post=17249"}],"wp:attachment":[{"href":"http:\/\/119.8.7.19\/masterprom\/wp-json\/wp\/v2\/media?parent=17249"}],"curies":[{"name":"wp","href":"https:\/\/api.w.org\/{rel}","templated":true}]}}