{"id":17241,"date":"2021-04-20T00:41:26","date_gmt":"2021-04-20T05:41:26","guid":{"rendered":"http:\/\/119.8.7.19\/masterprom\/producto\/c513\/"},"modified":"2021-04-20T00:41:27","modified_gmt":"2021-04-20T05:41:27","slug":"c513","status":"publish","type":"product","link":"http:\/\/119.8.7.19\/masterprom\/producto\/c513\/","title":{"rendered":"C513"},"content":{"rendered":"<p>Mochila \u0093ravello\u0094  capacidad 37 litros.  mochila\/carrion. mango extensible hasta 52 cm. un bolsillo frontal con cierre y dos bolsillos laterales de red. dos compartimentos: el principal con un bolsillo porta laptop; el segundo con dos porta bol\u00edgrafo, porta tarjeta y bolsillo peque\u00f1o. en la parte de atr\u00e1s un bolsillo que permite guardar las correas y un bolsillo peque\u00f1o acolchonado en la parte inferior que contiene una funda para las ruedas. los compartimentos principales llevan doble cierre con herrajes met\u00e1licos y tiras negras. la espalda es acolchonada y con red que permite la ventilaci\u00f3n de la espalda.<\/p>\n","protected":false},"excerpt":{"rendered":"<p>Mochila \u0093ravello\u0094  capacidad 37 litros.  mochila\/carrion. mango extensible hasta 52 cm. un bolsillo frontal con cierre y dos bolsillos laterales de red. dos compartimentos: el principal con un bolsillo porta laptop; el segundo con dos porta bol\u00edgrafo, porta tarjeta y bolsillo peque\u00f1o. en la parte de atr\u00e1s un bolsillo que permite guardar las correas y un bolsillo peque\u00f1o acolchonado en la parte inferior que contiene una funda para las ruedas. los compartimentos principales llevan doble cierre con herrajes met\u00e1licos y tiras negras. la espalda es acolchonada y con red que permite la ventilaci\u00f3n de la espalda.<\/p>\n","protected":false},"featured_media":0,"comment_status":"closed","ping_status":"open","template":"","meta":[],"class_list":["post-17241","product","type-product","status-publish","hentry","product_cat-maletas-y-mochilas","product_cat-mochilas-y-portafolios","product_cat-portalaptop","product_tag-cdo"],"_links":{"self":[{"href":"http:\/\/119.8.7.19\/masterprom\/wp-json\/wp\/v2\/product\/17241","targetHints":{"allow":["GET"]}}],"collection":[{"href":"http:\/\/119.8.7.19\/masterprom\/wp-json\/wp\/v2\/product"}],"about":[{"href":"http:\/\/119.8.7.19\/masterprom\/wp-json\/wp\/v2\/types\/product"}],"replies":[{"embeddable":true,"href":"http:\/\/119.8.7.19\/masterprom\/wp-json\/wp\/v2\/comments?post=17241"}],"wp:attachment":[{"href":"http:\/\/119.8.7.19\/masterprom\/wp-json\/wp\/v2\/media?parent=17241"}],"curies":[{"name":"wp","href":"https:\/\/api.w.org\/{rel}","templated":true}]}}