{"id":17238,"date":"2021-04-20T00:41:26","date_gmt":"2021-04-20T05:41:26","guid":{"rendered":"http:\/\/119.8.7.19\/masterprom\/producto\/c520\/"},"modified":"2021-04-20T00:41:27","modified_gmt":"2021-04-20T05:41:27","slug":"c520","status":"publish","type":"product","link":"http:\/\/119.8.7.19\/masterprom\/producto\/c520\/","title":{"rendered":"C520"},"content":{"rendered":"<p>Mochila &#8220;dallas&#8221; . capacidad 12 litros. mochila con dos bolsillos externos cuyo cierre queda oculto dentro de la misma costura para hacerlos invisibles. cuenta con tres compartimentos: el primero cuenta con espacios para celular y bol\u00edgrafos; segundo compartimento acolchonado tiene un bolsillo con cierre y 3 bolsillos peque\u00f1os; tercer compartimento acolchonado porta laptop. parte posterior acolchonada con red que permite la ventilaci\u00f3n de la espalda y un bolsillo peque\u00f1o oculto con cierre. dos bolsillos laterales de red que tambien quedan ocultos con un cierre. tiradores de cierres met\u00e1licos.<\/p>\n","protected":false},"excerpt":{"rendered":"<p>Mochila &#8220;dallas&#8221; . capacidad 12 litros. mochila con dos bolsillos externos cuyo cierre queda oculto dentro de la misma costura para hacerlos invisibles. cuenta con tres compartimentos: el primero cuenta con espacios para celular y bol\u00edgrafos; segundo compartimento acolchonado tiene un bolsillo con cierre y 3 bolsillos peque\u00f1os; tercer compartimento acolchonado porta laptop. parte posterior acolchonada con red que permite la ventilaci\u00f3n de la espalda y un bolsillo peque\u00f1o oculto con cierre. dos bolsillos laterales de red que tambien quedan ocultos con un cierre. tiradores de cierres met\u00e1licos.<\/p>\n","protected":false},"featured_media":0,"comment_status":"closed","ping_status":"open","template":"","meta":[],"class_list":["post-17238","product","type-product","status-publish","hentry","product_cat-maletas-y-mochilas","product_cat-mochilas-y-portafolios","product_cat-portalaptop","product_tag-cdo"],"_links":{"self":[{"href":"http:\/\/119.8.7.19\/masterprom\/wp-json\/wp\/v2\/product\/17238","targetHints":{"allow":["GET"]}}],"collection":[{"href":"http:\/\/119.8.7.19\/masterprom\/wp-json\/wp\/v2\/product"}],"about":[{"href":"http:\/\/119.8.7.19\/masterprom\/wp-json\/wp\/v2\/types\/product"}],"replies":[{"embeddable":true,"href":"http:\/\/119.8.7.19\/masterprom\/wp-json\/wp\/v2\/comments?post=17238"}],"wp:attachment":[{"href":"http:\/\/119.8.7.19\/masterprom\/wp-json\/wp\/v2\/media?parent=17238"}],"curies":[{"name":"wp","href":"https:\/\/api.w.org\/{rel}","templated":true}]}}