{"id":17237,"date":"2021-04-20T00:41:13","date_gmt":"2021-04-20T05:41:13","guid":{"rendered":"http:\/\/119.8.7.19\/masterprom\/producto\/c521\/"},"modified":"2021-04-20T00:41:15","modified_gmt":"2021-04-20T05:41:15","slug":"c521","status":"publish","type":"product","link":"http:\/\/119.8.7.19\/masterprom\/producto\/c521\/","title":{"rendered":"C521"},"content":{"rendered":"<p>Mochila &#8220;deep&#8221; capacidad 10 litros.  snow: resistente al agua. mochila con dos bolsillos externos, uno con cierre que se oculta dentro de la costura y otro peque\u00f1o. compartimento principal con porta laptop acolchonado y porta tablet, porta celular, bol\u00edgrafo y dos bolsillos peque\u00f1os de red. parte posterior acolchonada con red que permite la ventilaci\u00f3n de la espalda. tiradores de cierres pl\u00e1sticos.<\/p>\n","protected":false},"excerpt":{"rendered":"<p>Mochila &#8220;deep&#8221; capacidad 10 litros.  snow: resistente al agua. mochila con dos bolsillos externos, uno con cierre que se oculta dentro de la costura y otro peque\u00f1o. compartimento principal con porta laptop acolchonado y porta tablet, porta celular, bol\u00edgrafo y dos bolsillos peque\u00f1os de red. parte posterior acolchonada con red que permite la ventilaci\u00f3n de la espalda. tiradores de cierres pl\u00e1sticos.<\/p>\n","protected":false},"featured_media":0,"comment_status":"closed","ping_status":"open","template":"","meta":[],"class_list":["post-17237","product","type-product","status-publish","hentry","product_cat-maletas-y-mochilas","product_cat-mochilas-y-portafolios","product_tag-cdo"],"_links":{"self":[{"href":"http:\/\/119.8.7.19\/masterprom\/wp-json\/wp\/v2\/product\/17237","targetHints":{"allow":["GET"]}}],"collection":[{"href":"http:\/\/119.8.7.19\/masterprom\/wp-json\/wp\/v2\/product"}],"about":[{"href":"http:\/\/119.8.7.19\/masterprom\/wp-json\/wp\/v2\/types\/product"}],"replies":[{"embeddable":true,"href":"http:\/\/119.8.7.19\/masterprom\/wp-json\/wp\/v2\/comments?post=17237"}],"wp:attachment":[{"href":"http:\/\/119.8.7.19\/masterprom\/wp-json\/wp\/v2\/media?parent=17237"}],"curies":[{"name":"wp","href":"https:\/\/api.w.org\/{rel}","templated":true}]}}