{"id":17235,"date":"2021-04-20T00:41:26","date_gmt":"2021-04-20T05:41:26","guid":{"rendered":"http:\/\/119.8.7.19\/masterprom\/producto\/c542\/"},"modified":"2021-04-20T00:41:26","modified_gmt":"2021-04-20T05:41:26","slug":"c542","status":"publish","type":"product","link":"http:\/\/119.8.7.19\/masterprom\/producto\/c542\/","title":{"rendered":"C542"},"content":{"rendered":"<p>Mochila \u0093winnipeg\u0094  capacidad 10 litros. compartimento principal de apertura amplia y dos bolsillos con cierre en su exterior. interior con porta laptop, porta bol\u00edgrafos, cuatro bolsillos organizadores y un bolsillo con cierre. espalda acojinada con red que permite la ventilaci\u00f3n y peque\u00f1o bolsillo con cierre. correas regulables con red que permiten la ventilaci\u00f3n. cierres con herrajes met\u00e1licos.<\/p>\n","protected":false},"excerpt":{"rendered":"<p>Mochila \u0093winnipeg\u0094  capacidad 10 litros. compartimento principal de apertura amplia y dos bolsillos con cierre en su exterior. interior con porta laptop, porta bol\u00edgrafos, cuatro bolsillos organizadores y un bolsillo con cierre. espalda acojinada con red que permite la ventilaci\u00f3n y peque\u00f1o bolsillo con cierre. correas regulables con red que permiten la ventilaci\u00f3n. cierres con herrajes met\u00e1licos.<\/p>\n","protected":false},"featured_media":0,"comment_status":"closed","ping_status":"open","template":"","meta":[],"class_list":["post-17235","product","type-product","status-publish","hentry","product_cat-maletas-y-mochilas","product_cat-mochilas-y-portafolios","product_cat-portalaptop","product_tag-cdo"],"_links":{"self":[{"href":"http:\/\/119.8.7.19\/masterprom\/wp-json\/wp\/v2\/product\/17235","targetHints":{"allow":["GET"]}}],"collection":[{"href":"http:\/\/119.8.7.19\/masterprom\/wp-json\/wp\/v2\/product"}],"about":[{"href":"http:\/\/119.8.7.19\/masterprom\/wp-json\/wp\/v2\/types\/product"}],"replies":[{"embeddable":true,"href":"http:\/\/119.8.7.19\/masterprom\/wp-json\/wp\/v2\/comments?post=17235"}],"wp:attachment":[{"href":"http:\/\/119.8.7.19\/masterprom\/wp-json\/wp\/v2\/media?parent=17235"}],"curies":[{"name":"wp","href":"https:\/\/api.w.org\/{rel}","templated":true}]}}