{"id":17230,"date":"2021-04-20T00:41:26","date_gmt":"2021-04-20T05:41:26","guid":{"rendered":"http:\/\/119.8.7.19\/masterprom\/producto\/c551\/"},"modified":"2021-04-20T00:41:26","modified_gmt":"2021-04-20T05:41:26","slug":"c551","status":"publish","type":"product","link":"http:\/\/119.8.7.19\/masterprom\/producto\/c551\/","title":{"rendered":"C551"},"content":{"rendered":"<p>Mochila &#8220;pinella&#8221; capacidad 14 litros. snow.  porta notebook de hasta 14&#8243;. un compartimento con espacio para porta notebook y tablet y uno al frente con bolsillos organizadores. en el frente un bolsillo con cierre y detalle en material sint\u00e9tico negro. espaldar acojinado con red que permite la ventilaci\u00f3n y cuenta con un bolsillo con cierre. correas acojinadas de frente forradas con material sint\u00e9tico negro. herrajes met\u00e1licos. todo el contorno de la mochila se encuentra forrado con material sint\u00e9tico color negro.<\/p>\n","protected":false},"excerpt":{"rendered":"<p>Mochila &#8220;pinella&#8221; capacidad 14 litros. snow.  porta notebook de hasta 14&#8243;. un compartimento con espacio para porta notebook y tablet y uno al frente con bolsillos organizadores. en el frente un bolsillo con cierre y detalle en material sint\u00e9tico negro. espaldar acojinado con red que permite la ventilaci\u00f3n y cuenta con un bolsillo con cierre. correas acojinadas de frente forradas con material sint\u00e9tico negro. herrajes met\u00e1licos. todo el contorno de la mochila se encuentra forrado con material sint\u00e9tico color negro.<\/p>\n","protected":false},"featured_media":0,"comment_status":"closed","ping_status":"open","template":"","meta":[],"class_list":["post-17230","product","type-product","status-publish","hentry","product_cat-maletas-y-mochilas","product_cat-mochilas-y-portafolios","product_cat-portalaptop","product_tag-cdo"],"_links":{"self":[{"href":"http:\/\/119.8.7.19\/masterprom\/wp-json\/wp\/v2\/product\/17230","targetHints":{"allow":["GET"]}}],"collection":[{"href":"http:\/\/119.8.7.19\/masterprom\/wp-json\/wp\/v2\/product"}],"about":[{"href":"http:\/\/119.8.7.19\/masterprom\/wp-json\/wp\/v2\/types\/product"}],"replies":[{"embeddable":true,"href":"http:\/\/119.8.7.19\/masterprom\/wp-json\/wp\/v2\/comments?post=17230"}],"wp:attachment":[{"href":"http:\/\/119.8.7.19\/masterprom\/wp-json\/wp\/v2\/media?parent=17230"}],"curies":[{"name":"wp","href":"https:\/\/api.w.org\/{rel}","templated":true}]}}