{"id":17228,"date":"2021-04-20T00:41:13","date_gmt":"2021-04-20T05:41:13","guid":{"rendered":"http:\/\/119.8.7.19\/masterprom\/producto\/mal-nar\/"},"modified":"2021-04-20T00:41:14","modified_gmt":"2021-04-20T05:41:14","slug":"mal-nar","status":"publish","type":"product","link":"http:\/\/119.8.7.19\/masterprom\/producto\/mal-nar\/","title":{"rendered":"MAL-NAR"},"content":{"rendered":"<p>Malet\u00edn ejecutivo marca TAKAYAMA. Combinaci\u00f3n de materiales de alta resistencia repelentes al agua. Multi compartimentos frontales cubiertos con solapa que cierra con velcro. El frente cuenta con un pr\u00e1ctico bolsillo extra. Compartimento principal con apertura asim\u00e9trica. Cuenta con bolsa porta documentos, espacio para cables, bol\u00edgrafos y tarjetas. Incluye tirante desmontable<\/p>\n","protected":false},"excerpt":{"rendered":"<p>Malet\u00edn ejecutivo marca TAKAYAMA. Combinaci\u00f3n de materiales de alta resistencia repelentes al agua. Multi compartimentos frontales cubiertos con solapa que cierra con velcro. El frente cuenta con un pr\u00e1ctico bolsillo extra. Compartimento principal con apertura asim\u00e9trica. Cuenta con bolsa porta documentos, espacio para cables, bol\u00edgrafos y tarjetas. Incluye tirante desmontable<\/p>\n","protected":false},"featured_media":0,"comment_status":"closed","ping_status":"open","template":"","meta":[],"class_list":["post-17228","product","type-product","status-publish","hentry","product_cat-maletas-y-mochilas","product_cat-mochilas-y-portafolios","product_tag-g4"],"_links":{"self":[{"href":"http:\/\/119.8.7.19\/masterprom\/wp-json\/wp\/v2\/product\/17228","targetHints":{"allow":["GET"]}}],"collection":[{"href":"http:\/\/119.8.7.19\/masterprom\/wp-json\/wp\/v2\/product"}],"about":[{"href":"http:\/\/119.8.7.19\/masterprom\/wp-json\/wp\/v2\/types\/product"}],"replies":[{"embeddable":true,"href":"http:\/\/119.8.7.19\/masterprom\/wp-json\/wp\/v2\/comments?post=17228"}],"wp:attachment":[{"href":"http:\/\/119.8.7.19\/masterprom\/wp-json\/wp\/v2\/media?parent=17228"}],"curies":[{"name":"wp","href":"https:\/\/api.w.org\/{rel}","templated":true}]}}