{"id":17227,"date":"2021-04-20T00:41:13","date_gmt":"2021-04-20T05:41:13","guid":{"rendered":"http:\/\/119.8.7.19\/masterprom\/producto\/moc-exp\/"},"modified":"2021-04-20T00:41:13","modified_gmt":"2021-04-20T05:41:13","slug":"moc-exp","status":"publish","type":"product","link":"http:\/\/119.8.7.19\/masterprom\/producto\/moc-exp\/","title":{"rendered":"MOC-EXP"},"content":{"rendered":"<p>Mochila fabricada en poli\u00e9ster de alta resistencia, con fragmentos en curpiel texturizado repelentes a polvo y agua. Detalles evidentes con la marca National Geographic. Bolsa frontal con multi compartimentos<br \/>\npara organizar art\u00edculos peque\u00f1os. Compartimento principal con apertura asim\u00e9trica, espacio para lap top y tablet. Full Padding que asegura tu equipo desde cualquier \u00e1ngulo. Doble tira cierre con orificio de bloqueo que te permitir\u00e1 colocar un candado cuando salgas de viaje. Sistema de ventilaci\u00f3n en espalda. Cuenta con 2 reflectantes de alta visibilidad . Malla lateral para colocar botella de agua. Gancho tipo mosquet\u00f3n y herraje pl\u00e1stico triangular dispuestos en cada costado, ideales para colgar accesorios adicionales. Placa met\u00e1lica frontal para grabado l\u00e1ser. Peso: 1.07 Kg Capacidad: 18 Litros.<\/p>\n","protected":false},"excerpt":{"rendered":"<p>Mochila fabricada en poli\u00e9ster de alta resistencia, con fragmentos en curpiel texturizado repelentes a polvo y agua. Detalles evidentes con la marca National Geographic. Bolsa frontal con multi compartimentos<br \/>\npara organizar art\u00edculos peque\u00f1os. Compartimento principal con apertura asim\u00e9trica, espacio para lap top y tablet. Full Padding que asegura tu equipo desde cualquier \u00e1ngulo. Doble tira cierre con orificio de bloqueo que te permitir\u00e1 colocar un candado cuando salgas de viaje. Sistema de ventilaci\u00f3n en espalda. Cuenta con 2 reflectantes de alta visibilidad . Malla lateral para colocar botella de agua. Gancho tipo mosquet\u00f3n y herraje pl\u00e1stico triangular dispuestos en cada costado, ideales para colgar accesorios adicionales. Placa met\u00e1lica frontal para grabado l\u00e1ser. Peso: 1.07 Kg Capacidad: 18 Litros.<\/p>\n","protected":false},"featured_media":0,"comment_status":"closed","ping_status":"open","template":"","meta":[],"class_list":["post-17227","product","type-product","status-publish","hentry","product_cat-maletas-y-mochilas","product_cat-mochilas-y-portafolios","product_tag-g4"],"_links":{"self":[{"href":"http:\/\/119.8.7.19\/masterprom\/wp-json\/wp\/v2\/product\/17227","targetHints":{"allow":["GET"]}}],"collection":[{"href":"http:\/\/119.8.7.19\/masterprom\/wp-json\/wp\/v2\/product"}],"about":[{"href":"http:\/\/119.8.7.19\/masterprom\/wp-json\/wp\/v2\/types\/product"}],"replies":[{"embeddable":true,"href":"http:\/\/119.8.7.19\/masterprom\/wp-json\/wp\/v2\/comments?post=17227"}],"wp:attachment":[{"href":"http:\/\/119.8.7.19\/masterprom\/wp-json\/wp\/v2\/media?parent=17227"}],"curies":[{"name":"wp","href":"https:\/\/api.w.org\/{rel}","templated":true}]}}