{"id":17224,"date":"2021-04-20T00:41:13","date_gmt":"2021-04-20T05:41:13","guid":{"rendered":"http:\/\/119.8.7.19\/masterprom\/producto\/moc-scu\/"},"modified":"2021-04-20T00:41:13","modified_gmt":"2021-04-20T05:41:13","slug":"moc-scu","status":"publish","type":"product","link":"http:\/\/119.8.7.19\/masterprom\/producto\/moc-scu\/","title":{"rendered":"MOC-SCU"},"content":{"rendered":"<p>Mochila Wagner Scuba Poli\u00e9ster de alta resistencia. Negra con detalles azules. Cierres exteriores que sellan para evitar la entrada de agua y polvo. Bolsas principales con apertura 180\u00b0. Compartimentos para tarjetas bol\u00edgrafos llaves USB bater\u00edas y cables. Bolsa Principal con espacio<br \/>\npara Lap Top y Tablet. Full Padding que asegura tu equipo desde cualquier \u00e1ngulo. El grabado l\u00e1ser se coloca en una placa met\u00e1lica en la parte frontal. Tira cierres con marca presente. Asas acolchadas.<\/p>\n","protected":false},"excerpt":{"rendered":"<p>Mochila Wagner Scuba Poli\u00e9ster de alta resistencia. Negra con detalles azules. Cierres exteriores que sellan para evitar la entrada de agua y polvo. Bolsas principales con apertura 180\u00b0. Compartimentos para tarjetas bol\u00edgrafos llaves USB bater\u00edas y cables. Bolsa Principal con espacio<br \/>\npara Lap Top y Tablet. Full Padding que asegura tu equipo desde cualquier \u00e1ngulo. El grabado l\u00e1ser se coloca en una placa met\u00e1lica en la parte frontal. Tira cierres con marca presente. Asas acolchadas.<\/p>\n","protected":false},"featured_media":0,"comment_status":"closed","ping_status":"open","template":"","meta":[],"class_list":["post-17224","product","type-product","status-publish","hentry","product_cat-maletas-y-mochilas","product_cat-mochilas-y-portafolios","product_tag-g4"],"_links":{"self":[{"href":"http:\/\/119.8.7.19\/masterprom\/wp-json\/wp\/v2\/product\/17224","targetHints":{"allow":["GET"]}}],"collection":[{"href":"http:\/\/119.8.7.19\/masterprom\/wp-json\/wp\/v2\/product"}],"about":[{"href":"http:\/\/119.8.7.19\/masterprom\/wp-json\/wp\/v2\/types\/product"}],"replies":[{"embeddable":true,"href":"http:\/\/119.8.7.19\/masterprom\/wp-json\/wp\/v2\/comments?post=17224"}],"wp:attachment":[{"href":"http:\/\/119.8.7.19\/masterprom\/wp-json\/wp\/v2\/media?parent=17224"}],"curies":[{"name":"wp","href":"https:\/\/api.w.org\/{rel}","templated":true}]}}