{"id":17223,"date":"2021-04-20T00:41:09","date_gmt":"2021-04-20T05:41:09","guid":{"rendered":"http:\/\/119.8.7.19\/masterprom\/producto\/moc-kib\/"},"modified":"2021-04-20T00:41:12","modified_gmt":"2021-04-20T05:41:12","slug":"moc-kib","status":"publish","type":"product","link":"http:\/\/119.8.7.19\/masterprom\/producto\/moc-kib\/","title":{"rendered":"MOC-KIB"},"content":{"rendered":"<p>Mochila marca TAKAYAMA, fabricada en poli\u00e9ster de alta resistencia. Detalles en curpiel texturizado. Materiales que repelen el agua. Bolsa frontal con multi compartimentos para organizar art\u00edculos peque\u00f1os. Compartimento exterior independiente ideal para cables. Cuenta con una bolsa con sistema de protecci\u00f3n RFID. Compartimento principal con apertura asim\u00e9trica. Espacio para lap top y peque\u00f1a bolsa con malla en la parte superior. Compartimento oculto para bebidas. Cuenta con apertura en la espalda que permite pasar el bast\u00f3n de la maleta de manera estable. Peso: 1 Kg. Capacidad: 15.5 Litros.<\/p>\n","protected":false},"excerpt":{"rendered":"<p>Mochila marca TAKAYAMA, fabricada en poli\u00e9ster de alta resistencia. Detalles en curpiel texturizado. Materiales que repelen el agua. Bolsa frontal con multi compartimentos para organizar art\u00edculos peque\u00f1os. Compartimento exterior independiente ideal para cables. Cuenta con una bolsa con sistema de protecci\u00f3n RFID. Compartimento principal con apertura asim\u00e9trica. Espacio para lap top y peque\u00f1a bolsa con malla en la parte superior. Compartimento oculto para bebidas. Cuenta con apertura en la espalda que permite pasar el bast\u00f3n de la maleta de manera estable. Peso: 1 Kg. Capacidad: 15.5 Litros.<\/p>\n","protected":false},"featured_media":0,"comment_status":"closed","ping_status":"open","template":"","meta":[],"class_list":["post-17223","product","type-product","status-publish","hentry","product_cat-maletas-y-mochilas","product_cat-mochilas-y-portafolios","product_tag-g4"],"_links":{"self":[{"href":"http:\/\/119.8.7.19\/masterprom\/wp-json\/wp\/v2\/product\/17223","targetHints":{"allow":["GET"]}}],"collection":[{"href":"http:\/\/119.8.7.19\/masterprom\/wp-json\/wp\/v2\/product"}],"about":[{"href":"http:\/\/119.8.7.19\/masterprom\/wp-json\/wp\/v2\/types\/product"}],"replies":[{"embeddable":true,"href":"http:\/\/119.8.7.19\/masterprom\/wp-json\/wp\/v2\/comments?post=17223"}],"wp:attachment":[{"href":"http:\/\/119.8.7.19\/masterprom\/wp-json\/wp\/v2\/media?parent=17223"}],"curies":[{"name":"wp","href":"https:\/\/api.w.org\/{rel}","templated":true}]}}