{"id":17217,"date":"2021-04-20T00:41:09","date_gmt":"2021-04-20T05:41:09","guid":{"rendered":"http:\/\/119.8.7.19\/masterprom\/producto\/a2441\/"},"modified":"2021-04-20T00:41:11","modified_gmt":"2021-04-20T05:41:11","slug":"a2441","status":"publish","type":"product","link":"http:\/\/119.8.7.19\/masterprom\/producto\/a2441\/","title":{"rendered":"A2441"},"content":{"rendered":"<p>Mochila backpack antirrobo para laptop de hasta 16 pulgadas. Brinda gran seguridad, ya que cuenta con cierre exterior disimulado, colocado para evitar que otra persona la abra f\u00e1cilmente. Al frente tiene integrada una banda reflejante para mayor visibilidad en la oscuridad. En el interior cuenta con 2 compartimentos para sus objetos personales y 2 compatimentos acolchados, \u00e9stos \u00faltimos para laptop y dispositivos, los cuales se sujetan con una cinta el\u00e1stica de seguridad. En el reverso tiene un compartimento lateral con cierre, banda para sujetarse sobre la maleta de viaje, correas acolchadas ajustables y asa superior de transporte. Abre totalmente a 180 grados.<\/p>\n","protected":false},"excerpt":{"rendered":"<p>Mochila backpack antirrobo para laptop de hasta 16 pulgadas. Brinda gran seguridad, ya que cuenta con cierre exterior disimulado, colocado para evitar que otra persona la abra f\u00e1cilmente. Al frente tiene integrada una banda reflejante para mayor visibilidad en la oscuridad. En el interior cuenta con 2 compartimentos para sus objetos personales y 2 compatimentos acolchados, \u00e9stos \u00faltimos para laptop y dispositivos, los cuales se sujetan con una cinta el\u00e1stica de seguridad. En el reverso tiene un compartimento lateral con cierre, banda para sujetarse sobre la maleta de viaje, correas acolchadas ajustables y asa superior de transporte. Abre totalmente a 180 grados.<\/p>\n","protected":false},"featured_media":0,"comment_status":"closed","ping_status":"open","template":"","meta":[],"class_list":["post-17217","product","type-product","status-publish","hentry","product_cat-maletas-y-mochilas","product_cat-mochilas-y-portafolios","product_tag-winideas"],"_links":{"self":[{"href":"http:\/\/119.8.7.19\/masterprom\/wp-json\/wp\/v2\/product\/17217","targetHints":{"allow":["GET"]}}],"collection":[{"href":"http:\/\/119.8.7.19\/masterprom\/wp-json\/wp\/v2\/product"}],"about":[{"href":"http:\/\/119.8.7.19\/masterprom\/wp-json\/wp\/v2\/types\/product"}],"replies":[{"embeddable":true,"href":"http:\/\/119.8.7.19\/masterprom\/wp-json\/wp\/v2\/comments?post=17217"}],"wp:attachment":[{"href":"http:\/\/119.8.7.19\/masterprom\/wp-json\/wp\/v2\/media?parent=17217"}],"curies":[{"name":"wp","href":"https:\/\/api.w.org\/{rel}","templated":true}]}}