{"id":17214,"date":"2021-04-20T00:41:09","date_gmt":"2021-04-20T05:41:09","guid":{"rendered":"http:\/\/119.8.7.19\/masterprom\/producto\/tx-018\/"},"modified":"2021-04-20T00:41:11","modified_gmt":"2021-04-20T05:41:11","slug":"tx-018","status":"publish","type":"product","link":"http:\/\/119.8.7.19\/masterprom\/producto\/tx-018\/","title":{"rendered":"TX-018"},"content":{"rendered":"<p>Mochila tipo backpack con porta laptop, m\u00faltiples compartimentos interiores y salida para aud\u00edfonos fabricada en poli\u00e9ster de alta resistencia.<\/p>\n","protected":false},"excerpt":{"rendered":"<p>Mochila tipo backpack con porta laptop, m\u00faltiples compartimentos interiores y salida para aud\u00edfonos fabricada en poli\u00e9ster de alta resistencia.<\/p>\n","protected":false},"featured_media":0,"comment_status":"closed","ping_status":"open","template":"","meta":[],"class_list":["post-17214","product","type-product","status-publish","hentry","product_cat-maletas-y-mochilas","product_cat-mochilas-y-portafolios","product_tag-innova"],"_links":{"self":[{"href":"http:\/\/119.8.7.19\/masterprom\/wp-json\/wp\/v2\/product\/17214","targetHints":{"allow":["GET"]}}],"collection":[{"href":"http:\/\/119.8.7.19\/masterprom\/wp-json\/wp\/v2\/product"}],"about":[{"href":"http:\/\/119.8.7.19\/masterprom\/wp-json\/wp\/v2\/types\/product"}],"replies":[{"embeddable":true,"href":"http:\/\/119.8.7.19\/masterprom\/wp-json\/wp\/v2\/comments?post=17214"}],"wp:attachment":[{"href":"http:\/\/119.8.7.19\/masterprom\/wp-json\/wp\/v2\/media?parent=17214"}],"curies":[{"name":"wp","href":"https:\/\/api.w.org\/{rel}","templated":true}]}}