{"id":17169,"date":"2021-04-20T00:37:11","date_gmt":"2021-04-20T05:37:11","guid":{"rendered":"http:\/\/119.8.7.19\/masterprom\/producto\/lam-050-3\/"},"modified":"2021-04-20T00:37:13","modified_gmt":"2021-04-20T05:37:13","slug":"lam-050-3","status":"publish","type":"product","link":"http:\/\/119.8.7.19\/masterprom\/producto\/lam-050-3\/","title":{"rendered":"LAM-050"},"content":{"rendered":"<p>L\u00e1mpara destapador leo (3 leds. incluye gancho, destapador, cu\u00f1a abrelatas y bater\u00eda de bot\u00f3n.)<\/p>\n","protected":false},"excerpt":{"rendered":"<p>L\u00e1mpara destapador leo (3 leds. incluye gancho, destapador, cu\u00f1a abrelatas y bater\u00eda de bot\u00f3n.)<\/p>\n","protected":false},"featured_media":0,"comment_status":"closed","ping_status":"open","template":"","meta":[],"class_list":["post-17169","product","type-product","status-publish","hentry","product_cat-llaveros","product_cat-metalicos","product_cat-multifuncionales-llaveros","product_tag-promoopcion"],"_links":{"self":[{"href":"http:\/\/119.8.7.19\/masterprom\/wp-json\/wp\/v2\/product\/17169","targetHints":{"allow":["GET"]}}],"collection":[{"href":"http:\/\/119.8.7.19\/masterprom\/wp-json\/wp\/v2\/product"}],"about":[{"href":"http:\/\/119.8.7.19\/masterprom\/wp-json\/wp\/v2\/types\/product"}],"replies":[{"embeddable":true,"href":"http:\/\/119.8.7.19\/masterprom\/wp-json\/wp\/v2\/comments?post=17169"}],"wp:attachment":[{"href":"http:\/\/119.8.7.19\/masterprom\/wp-json\/wp\/v2\/media?parent=17169"}],"curies":[{"name":"wp","href":"https:\/\/api.w.org\/{rel}","templated":true}]}}