{"id":17126,"date":"2021-04-20T00:36:59","date_gmt":"2021-04-20T05:36:59","guid":{"rendered":"http:\/\/119.8.7.19\/masterprom\/producto\/t350\/"},"modified":"2021-04-20T00:37:01","modified_gmt":"2021-04-20T05:37:01","slug":"t350","status":"publish","type":"product","link":"http:\/\/119.8.7.19\/masterprom\/producto\/t350\/","title":{"rendered":"T350"},"content":{"rendered":"<p>LLavero met\u00e1lico symon, llavero plano con detalles en la parte superior s\u00edmil cuero con arandela met\u00e1lica.<\/p>\n","protected":false},"excerpt":{"rendered":"<p>LLavero met\u00e1lico symon, llavero plano con detalles en la parte superior s\u00edmil cuero con arandela met\u00e1lica.<\/p>\n","protected":false},"featured_media":0,"comment_status":"closed","ping_status":"open","template":"","meta":[],"class_list":["post-17126","product","type-product","status-publish","hentry","product_cat-llaveros","product_cat-metalicos","product_tag-cdo"],"_links":{"self":[{"href":"http:\/\/119.8.7.19\/masterprom\/wp-json\/wp\/v2\/product\/17126","targetHints":{"allow":["GET"]}}],"collection":[{"href":"http:\/\/119.8.7.19\/masterprom\/wp-json\/wp\/v2\/product"}],"about":[{"href":"http:\/\/119.8.7.19\/masterprom\/wp-json\/wp\/v2\/types\/product"}],"replies":[{"embeddable":true,"href":"http:\/\/119.8.7.19\/masterprom\/wp-json\/wp\/v2\/comments?post=17126"}],"wp:attachment":[{"href":"http:\/\/119.8.7.19\/masterprom\/wp-json\/wp\/v2\/media?parent=17126"}],"curies":[{"name":"wp","href":"https:\/\/api.w.org\/{rel}","templated":true}]}}