{"id":17121,"date":"2021-04-20T00:36:59","date_gmt":"2021-04-20T05:36:59","guid":{"rendered":"http:\/\/119.8.7.19\/masterprom\/producto\/lla-oci\/"},"modified":"2021-04-20T00:37:00","modified_gmt":"2021-04-20T05:37:00","slug":"lla-oci","status":"publish","type":"product","link":"http:\/\/119.8.7.19\/masterprom\/producto\/lla-oci\/","title":{"rendered":"LLA OCI"},"content":{"rendered":"<p>\u00danico y original dise\u00f1o en aluminio cepillado. Pieza s\u00f3lida fabricada con tecnolog\u00eda CNC (Control Num\u00e9rico por Computadora), con bordes en corte diamante. Incluye estuche individual.<\/p>\n","protected":false},"excerpt":{"rendered":"<p>\u00danico y original dise\u00f1o en aluminio cepillado. Pieza s\u00f3lida fabricada con tecnolog\u00eda CNC (Control Num\u00e9rico por Computadora), con bordes en corte diamante. Incluye estuche individual.<\/p>\n","protected":false},"featured_media":0,"comment_status":"closed","ping_status":"open","template":"","meta":[],"class_list":["post-17121","product","type-product","status-publish","hentry","product_cat-llaveros","product_cat-metalicos","product_tag-g4"],"_links":{"self":[{"href":"http:\/\/119.8.7.19\/masterprom\/wp-json\/wp\/v2\/product\/17121","targetHints":{"allow":["GET"]}}],"collection":[{"href":"http:\/\/119.8.7.19\/masterprom\/wp-json\/wp\/v2\/product"}],"about":[{"href":"http:\/\/119.8.7.19\/masterprom\/wp-json\/wp\/v2\/types\/product"}],"replies":[{"embeddable":true,"href":"http:\/\/119.8.7.19\/masterprom\/wp-json\/wp\/v2\/comments?post=17121"}],"wp:attachment":[{"href":"http:\/\/119.8.7.19\/masterprom\/wp-json\/wp\/v2\/media?parent=17121"}],"curies":[{"name":"wp","href":"https:\/\/api.w.org\/{rel}","templated":true}]}}