{"id":17118,"date":"2021-04-20T00:36:59","date_gmt":"2021-04-20T05:36:59","guid":{"rendered":"http:\/\/119.8.7.19\/masterprom\/producto\/lla-fli\/"},"modified":"2021-04-20T00:37:00","modified_gmt":"2021-04-20T05:37:00","slug":"lla-fli","status":"publish","type":"product","link":"http:\/\/119.8.7.19\/masterprom\/producto\/lla-fli\/","title":{"rendered":"LLA FLI"},"content":{"rendered":"<p>Un dise\u00f1o b\u00e1sico y atractivo para llevar tus llaves con estilo. Fabricado en curpiel con herraje met\u00e1lico ovalado que abre en 2 sencillos pasos. Incluye estuche individual.<\/p>\n","protected":false},"excerpt":{"rendered":"<p>Un dise\u00f1o b\u00e1sico y atractivo para llevar tus llaves con estilo. Fabricado en curpiel con herraje met\u00e1lico ovalado que abre en 2 sencillos pasos. Incluye estuche individual.<\/p>\n","protected":false},"featured_media":0,"comment_status":"closed","ping_status":"open","template":"","meta":[],"class_list":["post-17118","product","type-product","status-publish","hentry","product_cat-llaveros","product_cat-metalicos","product_tag-g4"],"_links":{"self":[{"href":"http:\/\/119.8.7.19\/masterprom\/wp-json\/wp\/v2\/product\/17118","targetHints":{"allow":["GET"]}}],"collection":[{"href":"http:\/\/119.8.7.19\/masterprom\/wp-json\/wp\/v2\/product"}],"about":[{"href":"http:\/\/119.8.7.19\/masterprom\/wp-json\/wp\/v2\/types\/product"}],"replies":[{"embeddable":true,"href":"http:\/\/119.8.7.19\/masterprom\/wp-json\/wp\/v2\/comments?post=17118"}],"wp:attachment":[{"href":"http:\/\/119.8.7.19\/masterprom\/wp-json\/wp\/v2\/media?parent=17118"}],"curies":[{"name":"wp","href":"https:\/\/api.w.org\/{rel}","templated":true}]}}