{"id":17092,"date":"2021-04-20T00:37:11","date_gmt":"2021-04-20T05:37:11","guid":{"rendered":"http:\/\/119.8.7.19\/masterprom\/producto\/t333\/"},"modified":"2021-04-20T00:37:11","modified_gmt":"2021-04-20T05:37:11","slug":"t333","status":"publish","type":"product","link":"http:\/\/119.8.7.19\/masterprom\/producto\/t333\/","title":{"rendered":"T333"},"content":{"rendered":"<p>Llavero medidor presi\u00f3n de neum\u00e1tico,<br \/>\nmedidor de presi\u00f3n para neum\u00e1ticos con detalles met\u00e1licos.<\/p>\n","protected":false},"excerpt":{"rendered":"<p>Llavero medidor presi\u00f3n de neum\u00e1tico,<br \/>\nmedidor de presi\u00f3n para neum\u00e1ticos con detalles met\u00e1licos.<\/p>\n","protected":false},"featured_media":0,"comment_status":"closed","ping_status":"open","template":"","meta":[],"class_list":["post-17092","product","type-product","status-publish","hentry","product_cat-llaveros","product_cat-multifuncionales-llaveros","product_cat-plasticos","product_tag-cdo"],"_links":{"self":[{"href":"http:\/\/119.8.7.19\/masterprom\/wp-json\/wp\/v2\/product\/17092","targetHints":{"allow":["GET"]}}],"collection":[{"href":"http:\/\/119.8.7.19\/masterprom\/wp-json\/wp\/v2\/product"}],"about":[{"href":"http:\/\/119.8.7.19\/masterprom\/wp-json\/wp\/v2\/types\/product"}],"replies":[{"embeddable":true,"href":"http:\/\/119.8.7.19\/masterprom\/wp-json\/wp\/v2\/comments?post=17092"}],"wp:attachment":[{"href":"http:\/\/119.8.7.19\/masterprom\/wp-json\/wp\/v2\/media?parent=17092"}],"curies":[{"name":"wp","href":"https:\/\/api.w.org\/{rel}","templated":true}]}}