{"id":17079,"date":"2021-04-20T00:32:04","date_gmt":"2021-04-20T05:32:04","guid":{"rendered":"http:\/\/119.8.7.19\/masterprom\/producto\/ec716\/"},"modified":"2021-04-20T00:32:06","modified_gmt":"2021-04-20T05:32:06","slug":"ec716","status":"publish","type":"product","link":"http:\/\/119.8.7.19\/masterprom\/producto\/ec716\/","title":{"rendered":"EC716"},"content":{"rendered":"<p>Humidificador de ambiente con luz,  capacidad 125 ml. apto para usar como difusor de aroma. indicador de m\u00ednimo y m\u00e1ximo nivel de agua en el interior. dos intensidades de luz. bot\u00f3n selector de 30, 60, 120 o 180 minutos de duraci\u00f3n, apagado autom\u00e1tico al finalizar. no abrir ni mover mientras est\u00e9 encendido. cable de alimentaci\u00f3n de 1 m con salida usb. voltaje dc 5v<\/p>\n","protected":false},"excerpt":{"rendered":"<p>Humidificador de ambiente con luz,  capacidad 125 ml. apto para usar como difusor de aroma. indicador de m\u00ednimo y m\u00e1ximo nivel de agua en el interior. dos intensidades de luz. bot\u00f3n selector de 30, 60, 120 o 180 minutos de duraci\u00f3n, apagado autom\u00e1tico al finalizar. no abrir ni mover mientras est\u00e9 encendido. cable de alimentaci\u00f3n de 1 m con salida usb. voltaje dc 5v<\/p>\n","protected":false},"featured_media":0,"comment_status":"closed","ping_status":"open","template":"","meta":[],"class_list":["post-17079","product","type-product","status-publish","hentry","product_cat-hogar","product_tag-cdo"],"_links":{"self":[{"href":"http:\/\/119.8.7.19\/masterprom\/wp-json\/wp\/v2\/product\/17079","targetHints":{"allow":["GET"]}}],"collection":[{"href":"http:\/\/119.8.7.19\/masterprom\/wp-json\/wp\/v2\/product"}],"about":[{"href":"http:\/\/119.8.7.19\/masterprom\/wp-json\/wp\/v2\/types\/product"}],"replies":[{"embeddable":true,"href":"http:\/\/119.8.7.19\/masterprom\/wp-json\/wp\/v2\/comments?post=17079"}],"wp:attachment":[{"href":"http:\/\/119.8.7.19\/masterprom\/wp-json\/wp\/v2\/media?parent=17079"}],"curies":[{"name":"wp","href":"https:\/\/api.w.org\/{rel}","templated":true}]}}