{"id":17076,"date":"2021-04-20T00:32:04","date_gmt":"2021-04-20T05:32:04","guid":{"rendered":"http:\/\/119.8.7.19\/masterprom\/producto\/prt-400\/"},"modified":"2021-04-20T00:32:06","modified_gmt":"2021-04-20T05:32:06","slug":"prt-400","status":"publish","type":"product","link":"http:\/\/119.8.7.19\/masterprom\/producto\/prt-400\/","title":{"rendered":"PRT-400"},"content":{"rendered":"<p>Portarretrato reloj media luna (tama\u00f1o de la foto 9 x 13 cm. incluye 1 bater\u00eda de bot\u00f3n.)<\/p>\n","protected":false},"excerpt":{"rendered":"<p>Portarretrato reloj media luna (tama\u00f1o de la foto 9 x 13 cm. incluye 1 bater\u00eda de bot\u00f3n.)<\/p>\n","protected":false},"featured_media":0,"comment_status":"closed","ping_status":"open","template":"","meta":[],"class_list":["post-17076","product","type-product","status-publish","hentry","product_cat-hogar","product_cat-portaretratos","product_tag-promoopcion"],"_links":{"self":[{"href":"http:\/\/119.8.7.19\/masterprom\/wp-json\/wp\/v2\/product\/17076","targetHints":{"allow":["GET"]}}],"collection":[{"href":"http:\/\/119.8.7.19\/masterprom\/wp-json\/wp\/v2\/product"}],"about":[{"href":"http:\/\/119.8.7.19\/masterprom\/wp-json\/wp\/v2\/types\/product"}],"replies":[{"embeddable":true,"href":"http:\/\/119.8.7.19\/masterprom\/wp-json\/wp\/v2\/comments?post=17076"}],"wp:attachment":[{"href":"http:\/\/119.8.7.19\/masterprom\/wp-json\/wp\/v2\/media?parent=17076"}],"curies":[{"name":"wp","href":"https:\/\/api.w.org\/{rel}","templated":true}]}}