{"id":17060,"date":"2021-04-20T00:32:01","date_gmt":"2021-04-20T05:32:01","guid":{"rendered":"http:\/\/119.8.7.19\/masterprom\/producto\/041dec001-2\/"},"modified":"2021-04-20T00:32:03","modified_gmt":"2021-04-20T05:32:03","slug":"041dec001-2","status":"publish","type":"product","link":"http:\/\/119.8.7.19\/masterprom\/producto\/041dec001-2\/","title":{"rendered":"041DEC001"},"content":{"rendered":"<p>Marco para imagen modelo Ambiray, tama\u00f1o peque\u00f1o. Enmarca tus mejores fotos en una sofisticaci\u00f3n atemporal. Con una silueta fuerte y moderna, este elegante dise\u00f1o brilla en acero inoxidable con un delicado toque de Crystal Tex transparente. La forma pura y las l\u00edneas limpias complementan cualquier interior y forman una combinaci\u00f3n perfecta con la Colecci\u00f3n<\/p>\n","protected":false},"excerpt":{"rendered":"<p>Marco para imagen modelo Ambiray, tama\u00f1o peque\u00f1o. Enmarca tus mejores fotos en una sofisticaci\u00f3n atemporal. Con una silueta fuerte y moderna, este elegante dise\u00f1o brilla en acero inoxidable con un delicado toque de Crystal Tex transparente. La forma pura y las l\u00edneas limpias complementan cualquier interior y forman una combinaci\u00f3n perfecta con la Colecci\u00f3n<\/p>\n","protected":false},"featured_media":0,"comment_status":"closed","ping_status":"open","template":"","meta":[],"class_list":["post-17060","product","type-product","status-publish","hentry","product_cat-hogar","product_cat-portaretratos","product_tag-sunline"],"_links":{"self":[{"href":"http:\/\/119.8.7.19\/masterprom\/wp-json\/wp\/v2\/product\/17060","targetHints":{"allow":["GET"]}}],"collection":[{"href":"http:\/\/119.8.7.19\/masterprom\/wp-json\/wp\/v2\/product"}],"about":[{"href":"http:\/\/119.8.7.19\/masterprom\/wp-json\/wp\/v2\/types\/product"}],"replies":[{"embeddable":true,"href":"http:\/\/119.8.7.19\/masterprom\/wp-json\/wp\/v2\/comments?post=17060"}],"wp:attachment":[{"href":"http:\/\/119.8.7.19\/masterprom\/wp-json\/wp\/v2\/media?parent=17060"}],"curies":[{"name":"wp","href":"https:\/\/api.w.org\/{rel}","templated":true}]}}