{"id":17013,"date":"2021-04-20T00:31:53","date_gmt":"2021-04-20T05:31:53","guid":{"rendered":"http:\/\/119.8.7.19\/masterprom\/producto\/blondas\/"},"modified":"2021-04-20T00:31:54","modified_gmt":"2021-04-20T05:31:54","slug":"blondas","status":"publish","type":"product","link":"http:\/\/119.8.7.19\/masterprom\/producto\/blondas\/","title":{"rendered":"BLONDAS"},"content":{"rendered":"<p>Conocidas como portavasos, estas pueden utilizarse para poner encima bebidas sin da\u00f1ar o mojar superficies. Una excelente opci\u00f3n si lo que desea es material antiderrapante para colocar las bebidas o vasos con un dise\u00f1o que puede ser a todo colCircular 9 cm de di\u00e1metro \/<br \/>\nCuadrado: 9 x 9 cm<\/p>\n","protected":false},"excerpt":{"rendered":"<p>Conocidas como portavasos, estas pueden utilizarse para poner encima bebidas sin da\u00f1ar o mojar superficies. Una excelente opci\u00f3n si lo que desea es material antiderrapante para colocar las bebidas o vasos con un dise\u00f1o que puede ser a todo colCircular 9 cm de di\u00e1metro \/<br \/>\nCuadrado: 9 x 9 cm<\/p>\n","protected":false},"featured_media":0,"comment_status":"closed","ping_status":"open","template":"","meta":[],"class_list":["post-17013","product","type-product","status-publish","hentry","product_cat-bar","product_cat-hogar","product_tag-brazaletes-mexico","pa_detalle-especifico-circular-9-cm-de-diametro-cuadrado-9-x-9-cm"],"_links":{"self":[{"href":"http:\/\/119.8.7.19\/masterprom\/wp-json\/wp\/v2\/product\/17013","targetHints":{"allow":["GET"]}}],"collection":[{"href":"http:\/\/119.8.7.19\/masterprom\/wp-json\/wp\/v2\/product"}],"about":[{"href":"http:\/\/119.8.7.19\/masterprom\/wp-json\/wp\/v2\/types\/product"}],"replies":[{"embeddable":true,"href":"http:\/\/119.8.7.19\/masterprom\/wp-json\/wp\/v2\/comments?post=17013"}],"wp:attachment":[{"href":"http:\/\/119.8.7.19\/masterprom\/wp-json\/wp\/v2\/media?parent=17013"}],"curies":[{"name":"wp","href":"https:\/\/api.w.org\/{rel}","templated":true}]}}