{"id":17002,"date":"2021-04-20T00:31:51","date_gmt":"2021-04-20T05:31:51","guid":{"rendered":"http:\/\/119.8.7.19\/masterprom\/producto\/a2310\/"},"modified":"2021-04-20T00:31:51","modified_gmt":"2021-04-20T05:31:51","slug":"a2310","status":"publish","type":"product","link":"http:\/\/119.8.7.19\/masterprom\/producto\/a2310\/","title":{"rendered":"A2310"},"content":{"rendered":"<p>Set de vino con sacacorchos autom\u00e1tico, corta etiquetas, servidor con tap\u00f3n y boquilla, tap\u00f3n met\u00e1lico y anillo antiderrames. Presentaci\u00f3n: caja de regalo en color negro.<\/p>\n","protected":false},"excerpt":{"rendered":"<p>Set de vino con sacacorchos autom\u00e1tico, corta etiquetas, servidor con tap\u00f3n y boquilla, tap\u00f3n met\u00e1lico y anillo antiderrames. Presentaci\u00f3n: caja de regalo en color negro.<\/p>\n","protected":false},"featured_media":0,"comment_status":"closed","ping_status":"open","template":"","meta":[],"class_list":["post-17002","product","type-product","status-publish","hentry","product_cat-bar","product_cat-hogar","product_tag-winideas"],"_links":{"self":[{"href":"http:\/\/119.8.7.19\/masterprom\/wp-json\/wp\/v2\/product\/17002","targetHints":{"allow":["GET"]}}],"collection":[{"href":"http:\/\/119.8.7.19\/masterprom\/wp-json\/wp\/v2\/product"}],"about":[{"href":"http:\/\/119.8.7.19\/masterprom\/wp-json\/wp\/v2\/types\/product"}],"replies":[{"embeddable":true,"href":"http:\/\/119.8.7.19\/masterprom\/wp-json\/wp\/v2\/comments?post=17002"}],"wp:attachment":[{"href":"http:\/\/119.8.7.19\/masterprom\/wp-json\/wp\/v2\/media?parent=17002"}],"curies":[{"name":"wp","href":"https:\/\/api.w.org\/{rel}","templated":true}]}}