{"id":16978,"date":"2021-04-20T00:31:44","date_gmt":"2021-04-20T05:31:44","guid":{"rendered":"http:\/\/119.8.7.19\/masterprom\/producto\/ho81003\/"},"modified":"2021-04-20T00:31:46","modified_gmt":"2021-04-20T05:31:46","slug":"ho81003","status":"publish","type":"product","link":"http:\/\/119.8.7.19\/masterprom\/producto\/ho81003\/","title":{"rendered":"HO81003"},"content":{"rendered":"<p>Contenedor de alimentos oval, La base oval incluye dos charolas anidables de compartimento y cuchara reutilizable. Tapa con tap\u00f3n de silic\u00f3n de liberaci\u00f3n de vapor para f\u00e1cil ventilaci\u00f3n. Banda de silic\u00f3n en la tapa y bisagras de cierre de clic mantienen el contenido fresco y seguro. En cumplimiento con la FDA.<\/p>\n","protected":false},"excerpt":{"rendered":"<p>Contenedor de alimentos oval, La base oval incluye dos charolas anidables de compartimento y cuchara reutilizable. Tapa con tap\u00f3n de silic\u00f3n de liberaci\u00f3n de vapor para f\u00e1cil ventilaci\u00f3n. Banda de silic\u00f3n en la tapa y bisagras de cierre de clic mantienen el contenido fresco y seguro. En cumplimiento con la FDA.<\/p>\n","protected":false},"featured_media":0,"comment_status":"closed","ping_status":"open","template":"","meta":[],"class_list":["post-16978","product","type-product","status-publish","hentry","product_cat-cocina","product_cat-hogar","product_tag-promoline"],"_links":{"self":[{"href":"http:\/\/119.8.7.19\/masterprom\/wp-json\/wp\/v2\/product\/16978","targetHints":{"allow":["GET"]}}],"collection":[{"href":"http:\/\/119.8.7.19\/masterprom\/wp-json\/wp\/v2\/product"}],"about":[{"href":"http:\/\/119.8.7.19\/masterprom\/wp-json\/wp\/v2\/types\/product"}],"replies":[{"embeddable":true,"href":"http:\/\/119.8.7.19\/masterprom\/wp-json\/wp\/v2\/comments?post=16978"}],"wp:attachment":[{"href":"http:\/\/119.8.7.19\/masterprom\/wp-json\/wp\/v2\/media?parent=16978"}],"curies":[{"name":"wp","href":"https:\/\/api.w.org\/{rel}","templated":true}]}}