{"id":16951,"date":"2021-04-20T00:31:41","date_gmt":"2021-04-20T05:31:41","guid":{"rendered":"http:\/\/119.8.7.19\/masterprom\/producto\/t406\/"},"modified":"2021-04-20T00:31:42","modified_gmt":"2021-04-20T05:31:42","slug":"t406","status":"publish","type":"product","link":"http:\/\/119.8.7.19\/masterprom\/producto\/t406\/","title":{"rendered":"T406"},"content":{"rendered":"<p>Especieros, set de 6 especieros imantados de color con base met\u00e1lica contiene un p\u00ede que permite elevarla23 x 15 cm (base) \u00f8 6 x 4 cm (cada especiero)<\/p>\n","protected":false},"excerpt":{"rendered":"<p>Especieros, set de 6 especieros imantados de color con base met\u00e1lica contiene un p\u00ede que permite elevarla23 x 15 cm (base) \u00f8 6 x 4 cm (cada especiero)<\/p>\n","protected":false},"featured_media":0,"comment_status":"closed","ping_status":"open","template":"","meta":[],"class_list":["post-16951","product","type-product","status-publish","hentry","product_cat-cocina","product_cat-hogar","product_tag-cdo","pa_detalle-especifico-23-x-15-cm-base-o-6-x-4-cm-cada-especiero"],"_links":{"self":[{"href":"http:\/\/119.8.7.19\/masterprom\/wp-json\/wp\/v2\/product\/16951","targetHints":{"allow":["GET"]}}],"collection":[{"href":"http:\/\/119.8.7.19\/masterprom\/wp-json\/wp\/v2\/product"}],"about":[{"href":"http:\/\/119.8.7.19\/masterprom\/wp-json\/wp\/v2\/types\/product"}],"replies":[{"embeddable":true,"href":"http:\/\/119.8.7.19\/masterprom\/wp-json\/wp\/v2\/comments?post=16951"}],"wp:attachment":[{"href":"http:\/\/119.8.7.19\/masterprom\/wp-json\/wp\/v2\/media?parent=16951"}],"curies":[{"name":"wp","href":"https:\/\/api.w.org\/{rel}","templated":true}]}}