{"id":16946,"date":"2021-04-20T00:31:41","date_gmt":"2021-04-20T05:31:41","guid":{"rendered":"http:\/\/119.8.7.19\/masterprom\/producto\/t470-2\/"},"modified":"2021-04-20T00:31:42","modified_gmt":"2021-04-20T05:31:42","slug":"t470-2","status":"publish","type":"product","link":"http:\/\/119.8.7.19\/masterprom\/producto\/t470-2\/","title":{"rendered":"T470"},"content":{"rendered":"<p>Lonchera &#8220;kids&#8221;  lonchera con un contenedor desmontable de 2 divisiones. apto para usar en microondas. tapa con cierre de rosca, tiene asa y un compartimento con cuchara\/ tenedor. conserva la comida caliente\/fr\u00eda durante un m\u00e1ximo de 4 horas. capacidad m\u00e1xima aproximada de 450 ml.<\/p>\n","protected":false},"excerpt":{"rendered":"<p>Lonchera &#8220;kids&#8221;  lonchera con un contenedor desmontable de 2 divisiones. apto para usar en microondas. tapa con cierre de rosca, tiene asa y un compartimento con cuchara\/ tenedor. conserva la comida caliente\/fr\u00eda durante un m\u00e1ximo de 4 horas. capacidad m\u00e1xima aproximada de 450 ml.<\/p>\n","protected":false},"featured_media":0,"comment_status":"closed","ping_status":"open","template":"","meta":[],"class_list":["post-16946","product","type-product","status-publish","hentry","product_cat-cocina","product_cat-hogar","product_tag-cdo"],"_links":{"self":[{"href":"http:\/\/119.8.7.19\/masterprom\/wp-json\/wp\/v2\/product\/16946","targetHints":{"allow":["GET"]}}],"collection":[{"href":"http:\/\/119.8.7.19\/masterprom\/wp-json\/wp\/v2\/product"}],"about":[{"href":"http:\/\/119.8.7.19\/masterprom\/wp-json\/wp\/v2\/types\/product"}],"replies":[{"embeddable":true,"href":"http:\/\/119.8.7.19\/masterprom\/wp-json\/wp\/v2\/comments?post=16946"}],"wp:attachment":[{"href":"http:\/\/119.8.7.19\/masterprom\/wp-json\/wp\/v2\/media?parent=16946"}],"curies":[{"name":"wp","href":"https:\/\/api.w.org\/{rel}","templated":true}]}}