{"id":16942,"date":"2021-04-20T00:31:51","date_gmt":"2021-04-20T05:31:51","guid":{"rendered":"http:\/\/119.8.7.19\/masterprom\/producto\/seq5876\/"},"modified":"2021-04-20T00:31:51","modified_gmt":"2021-04-20T05:31:51","slug":"seq5876","status":"publish","type":"product","link":"http:\/\/119.8.7.19\/masterprom\/producto\/seq5876\/","title":{"rendered":"SEQ5876"},"content":{"rendered":"<p>Tabla de quesos de bamb\u00fa ovalada. Incluye: 1 plato redondo de cer\u00e1mica de 15 cm. Utensilios con mango de cer\u00e1mica: cuchillo, esp\u00e1tula y tenedor de acero inoxidable. Presentaci\u00f3n: caja en color blanco.<\/p>\n","protected":false},"excerpt":{"rendered":"<p>Tabla de quesos de bamb\u00fa ovalada. Incluye: 1 plato redondo de cer\u00e1mica de 15 cm. Utensilios con mango de cer\u00e1mica: cuchillo, esp\u00e1tula y tenedor de acero inoxidable. Presentaci\u00f3n: caja en color blanco.<\/p>\n","protected":false},"featured_media":0,"comment_status":"closed","ping_status":"open","template":"","meta":[],"class_list":["post-16942","product","type-product","status-publish","hentry","product_cat-bar","product_cat-cocina","product_cat-hogar","product_tag-winideas"],"_links":{"self":[{"href":"http:\/\/119.8.7.19\/masterprom\/wp-json\/wp\/v2\/product\/16942","targetHints":{"allow":["GET"]}}],"collection":[{"href":"http:\/\/119.8.7.19\/masterprom\/wp-json\/wp\/v2\/product"}],"about":[{"href":"http:\/\/119.8.7.19\/masterprom\/wp-json\/wp\/v2\/types\/product"}],"replies":[{"embeddable":true,"href":"http:\/\/119.8.7.19\/masterprom\/wp-json\/wp\/v2\/comments?post=16942"}],"wp:attachment":[{"href":"http:\/\/119.8.7.19\/masterprom\/wp-json\/wp\/v2\/media?parent=16942"}],"curies":[{"name":"wp","href":"https:\/\/api.w.org\/{rel}","templated":true}]}}