{"id":16941,"date":"2021-04-20T00:31:51","date_gmt":"2021-04-20T05:31:51","guid":{"rendered":"http:\/\/119.8.7.19\/masterprom\/producto\/seq2167\/"},"modified":"2021-04-20T00:31:51","modified_gmt":"2021-04-20T05:31:51","slug":"seq2167","status":"publish","type":"product","link":"http:\/\/119.8.7.19\/masterprom\/producto\/seq2167\/","title":{"rendered":"SEQ2167"},"content":{"rendered":"<p>Set de 4 piezas de acero inoxidable para corta queso o carnes fr\u00edas, con mango de polipropileno y base de acr\u00edlico. Presentaci\u00f3n: caja en color blanco<\/p>\n","protected":false},"excerpt":{"rendered":"<p>Set de 4 piezas de acero inoxidable para corta queso o carnes fr\u00edas, con mango de polipropileno y base de acr\u00edlico. Presentaci\u00f3n: caja en color blanco<\/p>\n","protected":false},"featured_media":0,"comment_status":"closed","ping_status":"open","template":"","meta":[],"class_list":["post-16941","product","type-product","status-publish","hentry","product_cat-bar","product_cat-cocina","product_cat-hogar","product_tag-winideas"],"_links":{"self":[{"href":"http:\/\/119.8.7.19\/masterprom\/wp-json\/wp\/v2\/product\/16941","targetHints":{"allow":["GET"]}}],"collection":[{"href":"http:\/\/119.8.7.19\/masterprom\/wp-json\/wp\/v2\/product"}],"about":[{"href":"http:\/\/119.8.7.19\/masterprom\/wp-json\/wp\/v2\/types\/product"}],"replies":[{"embeddable":true,"href":"http:\/\/119.8.7.19\/masterprom\/wp-json\/wp\/v2\/comments?post=16941"}],"wp:attachment":[{"href":"http:\/\/119.8.7.19\/masterprom\/wp-json\/wp\/v2\/media?parent=16941"}],"curies":[{"name":"wp","href":"https:\/\/api.w.org\/{rel}","templated":true}]}}