{"id":16929,"date":"2021-04-20T00:31:37","date_gmt":"2021-04-20T05:31:37","guid":{"rendered":"http:\/\/119.8.7.19\/masterprom\/producto\/a2437\/"},"modified":"2021-04-20T00:31:38","modified_gmt":"2021-04-20T05:31:38","slug":"a2437","status":"publish","type":"product","link":"http:\/\/119.8.7.19\/masterprom\/producto\/a2437\/","title":{"rendered":"A2437"},"content":{"rendered":"<p>Juego de utensilios de gran durabilidad. Dise\u00f1o inteligente con un soporte en el mango de cada utensilio, lo cual evita que ensucien la superficie donde se colocan. Incluye: volteador ranurado, cuchara s\u00f3lida, cuchara ranurada, cuchar\u00f3n de sopa, cuchara de espagueti, batidor manual, as\u00ed como base de pl\u00e1stico con rallador de queso y cortador de galletas. Estilo \u00fanico, con cubierta de nylon puro, libre de BPA. Utensilios resistentes a temperaturas de hasta 210\u00b0C \/ 410\u00b0F, cumplen los est\u00e1ndares de calidad de la FDA. Presentaci\u00f3n: caja en color blanco.<\/p>\n","protected":false},"excerpt":{"rendered":"<p>Juego de utensilios de gran durabilidad. Dise\u00f1o inteligente con un soporte en el mango de cada utensilio, lo cual evita que ensucien la superficie donde se colocan. Incluye: volteador ranurado, cuchara s\u00f3lida, cuchara ranurada, cuchar\u00f3n de sopa, cuchara de espagueti, batidor manual, as\u00ed como base de pl\u00e1stico con rallador de queso y cortador de galletas. Estilo \u00fanico, con cubierta de nylon puro, libre de BPA. Utensilios resistentes a temperaturas de hasta 210\u00b0C \/ 410\u00b0F, cumplen los est\u00e1ndares de calidad de la FDA. Presentaci\u00f3n: caja en color blanco.<\/p>\n","protected":false},"featured_media":0,"comment_status":"closed","ping_status":"open","template":"","meta":[],"class_list":["post-16929","product","type-product","status-publish","hentry","product_cat-cocina","product_cat-hogar","product_tag-winideas"],"_links":{"self":[{"href":"http:\/\/119.8.7.19\/masterprom\/wp-json\/wp\/v2\/product\/16929","targetHints":{"allow":["GET"]}}],"collection":[{"href":"http:\/\/119.8.7.19\/masterprom\/wp-json\/wp\/v2\/product"}],"about":[{"href":"http:\/\/119.8.7.19\/masterprom\/wp-json\/wp\/v2\/types\/product"}],"replies":[{"embeddable":true,"href":"http:\/\/119.8.7.19\/masterprom\/wp-json\/wp\/v2\/comments?post=16929"}],"wp:attachment":[{"href":"http:\/\/119.8.7.19\/masterprom\/wp-json\/wp\/v2\/media?parent=16929"}],"curies":[{"name":"wp","href":"https:\/\/api.w.org\/{rel}","templated":true}]}}