{"id":16926,"date":"2021-04-20T00:31:37","date_gmt":"2021-04-20T05:31:37","guid":{"rendered":"http:\/\/119.8.7.19\/masterprom\/producto\/a2280\/"},"modified":"2021-04-20T00:31:38","modified_gmt":"2021-04-20T05:31:38","slug":"a2280","status":"publish","type":"product","link":"http:\/\/119.8.7.19\/masterprom\/producto\/a2280\/","title":{"rendered":"A2280"},"content":{"rendered":"<p>Cafetera de cristal tipo franc\u00e9s con base de pl\u00e1stico y filtro de acero inoxidable. Ideal para preparar infusiones y caf\u00e9. CAP. 350 ml. Presentaci\u00f3n: caja color blanco.<\/p>\n","protected":false},"excerpt":{"rendered":"<p>Cafetera de cristal tipo franc\u00e9s con base de pl\u00e1stico y filtro de acero inoxidable. Ideal para preparar infusiones y caf\u00e9. CAP. 350 ml. Presentaci\u00f3n: caja color blanco.<\/p>\n","protected":false},"featured_media":0,"comment_status":"closed","ping_status":"open","template":"","meta":[],"class_list":["post-16926","product","type-product","status-publish","hentry","product_cat-cocina","product_cat-hogar","product_tag-winideas"],"_links":{"self":[{"href":"http:\/\/119.8.7.19\/masterprom\/wp-json\/wp\/v2\/product\/16926","targetHints":{"allow":["GET"]}}],"collection":[{"href":"http:\/\/119.8.7.19\/masterprom\/wp-json\/wp\/v2\/product"}],"about":[{"href":"http:\/\/119.8.7.19\/masterprom\/wp-json\/wp\/v2\/types\/product"}],"replies":[{"embeddable":true,"href":"http:\/\/119.8.7.19\/masterprom\/wp-json\/wp\/v2\/comments?post=16926"}],"wp:attachment":[{"href":"http:\/\/119.8.7.19\/masterprom\/wp-json\/wp\/v2\/media?parent=16926"}],"curies":[{"name":"wp","href":"https:\/\/api.w.org\/{rel}","templated":true}]}}